{"id":10185,"date":"2021-01-25T07:00:48","date_gmt":"2021-01-25T06:00:48","guid":{"rendered":"https:\/\/hemplab.ltd\/lab-and-rd-department\/"},"modified":"2023-01-20T10:46:54","modified_gmt":"2023-01-20T09:46:54","slug":"lab-and-rd-department","status":"publish","type":"page","link":"https:\/\/hemplab.ltd\/en\/lab-and-rd-department\/","title":{"rendered":"Lab and R&amp;D Department"},"content":{"rendered":"\t\t<div data-elementor-type=\"wp-page\" data-elementor-id=\"10185\" class=\"elementor elementor-10185 elementor-3520\">\n\t\t\t\t\t\t<div class=\"elementor-section elementor-top-section elementor-element elementor-element-fe23cbf elementor-section-boxed elementor-section-height-default elementor-section-height-default\" data-id=\"fe23cbf\" data-element_type=\"section\">\n\t\t\t\t\t\t<div class=\"elementor-container elementor-column-gap-default\">\n\t\t\t\t\t<div class=\"elementor-column elementor-col-100 elementor-top-column elementor-element elementor-element-2d1c575\" data-id=\"2d1c575\" data-element_type=\"column\">\n\t\t\t<div class=\"elementor-widget-wrap elementor-element-populated\">\n\t\t\t\t\t\t<div class=\"elementor-element elementor-element-3721f11 elementor-widget elementor-widget-text-editor\" data-id=\"3721f11\" data-element_type=\"widget\" data-widget_type=\"text-editor.default\">\n\t\t\t\t<div class=\"elementor-widget-container\">\n\t\t\t<style>\/*! elementor - v3.23.0 - 05-08-2024 *\/\n.elementor-widget-text-editor.elementor-drop-cap-view-stacked .elementor-drop-cap{background-color:#69727d;color:#fff}.elementor-widget-text-editor.elementor-drop-cap-view-framed .elementor-drop-cap{color:#69727d;border:3px solid;background-color:transparent}.elementor-widget-text-editor:not(.elementor-drop-cap-view-default) .elementor-drop-cap{margin-top:8px}.elementor-widget-text-editor:not(.elementor-drop-cap-view-default) .elementor-drop-cap-letter{width:1em;height:1em}.elementor-widget-text-editor .elementor-drop-cap{float:left;text-align:center;line-height:1;font-size:50px}.elementor-widget-text-editor .elementor-drop-cap-letter{display:inline-block}<\/style>\t\t\t\t<p>Lab | R&amp;D<\/p>\n\t\t\t\t\t\t<\/div>\n\t\t\t\t<\/div>\n\t\t\t\t\t<\/div>\n\t\t<\/div>\n\t\t\t\t\t<\/div>\n\t\t<\/div>\n\t\t\t\t<div class=\"elementor-section elementor-top-section elementor-element elementor-element-909350e elementor-section-boxed elementor-section-height-default elementor-section-height-default\" data-id=\"909350e\" data-element_type=\"section\">\n\t\t\t\t\t\t<div class=\"elementor-container elementor-column-gap-default\">\n\t\t\t\t\t<div class=\"elementor-column elementor-col-100 elementor-top-column elementor-element elementor-element-8df96aa\" data-id=\"8df96aa\" data-element_type=\"column\">\n\t\t\t<div class=\"elementor-widget-wrap elementor-element-populated\">\n\t\t\t\t\t\t<div class=\"elementor-element elementor-element-60c2aaf elementor-widget elementor-widget-html\" data-id=\"60c2aaf\" data-element_type=\"widget\" data-widget_type=\"html.default\">\n\t\t\t\t<div class=\"elementor-widget-container\">\n\t\t\t<div class=\"banner_destacados_wrapper pt-4 mt-4\">\n    <div class=\"container14\">\n        <div class=\"gallery_wrapper owl-carousel\">\n            <div class=\"item\">\n<div class=\"two\">\n         <div class=\"one\">       <img decoding=\"async\" data-src=\"\/wp-content\/uploads\/2020\/10\/Cannabium-03.02-7.png\" src=\"data:image\/svg+xml;base64,PHN2ZyB3aWR0aD0iMSIgaGVpZ2h0PSIxIiB4bWxucz0iaHR0cDovL3d3dy53My5vcmcvMjAwMC9zdmciPjwvc3ZnPg==\" class=\"lazyload\" style=\"--smush-placeholder-width: 507px; --smush-placeholder-aspect-ratio: 507\/487;\"><\/div>\n<div class=\"desc\">\n<div class=\"content_title\">\n                <h3 class=\"title\">\n SAFETY\n                <\/h3>\n<p>We are ISO 9001 and ISO 22000 certified, and our factory is supervised by the Chief Sanitary Inspectorate and the State Sanitary Inspection.<\/p>\n            <\/div><\/div>\n    <\/div>         \n    \n            <\/div>\n            <div class=\"item\">\n<div class=\"two\">\n         <div class=\"one\">       <img decoding=\"async\" data-src=\"\/wp-content\/uploads\/2020\/10\/AGA_8006-1-1.png\" src=\"data:image\/svg+xml;base64,PHN2ZyB3aWR0aD0iMSIgaGVpZ2h0PSIxIiB4bWxucz0iaHR0cDovL3d3dy53My5vcmcvMjAwMC9zdmciPjwvc3ZnPg==\" class=\"lazyload\" style=\"--smush-placeholder-width: 508px; --smush-placeholder-aspect-ratio: 508\/487;\"><\/div>\n<div class=\"desc\">\n<div class=\"content_title\">\n                <h3 class=\"title\">\n Advanced technology <\/h3>\n<p>We have some top-notch analytical and laboratory equipment at our disposal, including an HPLC setup. Advanced solutions allow us to scale our manufacturing operations \u2013 we can handle both large batches for mass distribution and smaller batches for research and testing. <\/p>\n            <\/div><\/div>\n    <\/div>         \n          \n            <\/div>\n      <div class=\"item\">\n<div class=\"two\">\n         <div class=\"one\">       <img decoding=\"async\" data-src=\"\/wp-content\/uploads\/2020\/10\/Mask-group-3.png\" src=\"data:image\/svg+xml;base64,PHN2ZyB3aWR0aD0iMSIgaGVpZ2h0PSIxIiB4bWxucz0iaHR0cDovL3d3dy53My5vcmcvMjAwMC9zdmciPjwvc3ZnPg==\" class=\"lazyload\" style=\"--smush-placeholder-width: 507px; --smush-placeholder-aspect-ratio: 507\/487;\"><\/div>\n<div class=\"desc\">\n<div class=\"content_title\">\n                <h3 class=\"title\">WHAT DRIVES OUR FOCUS ON QUALITY? <\/h3>\n<p>We make sure all our products are tested for quality as we value high quality in both our private label products and those developed for our Clients. <\/p>\n            <\/div><\/div>\n    <\/div>     \n              \n            <\/div>\n             <div class=\"item\">\n<div class=\"two\">\n         <div class=\"one\">       <img decoding=\"async\" data-src=\"\/wp-content\/uploads\/2020\/10\/Cannabium-03.02-3.png\" src=\"data:image\/svg+xml;base64,PHN2ZyB3aWR0aD0iMSIgaGVpZ2h0PSIxIiB4bWxucz0iaHR0cDovL3d3dy53My5vcmcvMjAwMC9zdmciPjwvc3ZnPg==\" class=\"lazyload\" style=\"--smush-placeholder-width: 508px; --smush-placeholder-aspect-ratio: 508\/487;\"><\/div>\n<div class=\"desc\">\n<div class=\"content_title\">\n                <h3 class=\"title\">\n WELL-QUALIFIED STAFF\n                <\/h3>\n<p>We maintain long-term cooperation arrangements with Lublin\u2019s universities \u2013 the Maria Curie-Sk\u0142odowska University and the University of Life Sciences. In addition, we employ a team of some dozen experienced and highly credentialed chemists who ensure continuous supervision over the manufacturing process, while also developing new products and providing advice for our Clients. <\/p>\n            <\/div><\/div>\n    <\/div>     \n         \n            <\/div>\n        <\/div>\n    <\/div>\n<\/div>\t\t<\/div>\n\t\t\t\t<\/div>\n\t\t\t\t\t<\/div>\n\t\t<\/div>\n\t\t\t\t\t<\/div>\n\t\t<\/div>\n\t\t\t\t<div class=\"elementor-section elementor-top-section elementor-element elementor-element-f358344 elementor-section-full_width elementor-section-height-min-height elementor-section-stretched elementor-section-height-default elementor-section-items-middle\" data-id=\"f358344\" data-element_type=\"section\" data-settings=\"{&quot;stretch_section&quot;:&quot;section-stretched&quot;,&quot;background_background&quot;:&quot;classic&quot;}\">\n\t\t\t\t\t\t<div class=\"elementor-container elementor-column-gap-default\">\n\t\t\t\t\t<div class=\"elementor-column elementor-col-100 elementor-top-column elementor-element elementor-element-8ca3bfc\" data-id=\"8ca3bfc\" data-element_type=\"column\">\n\t\t\t<div class=\"elementor-widget-wrap\">\n\t\t\t\t\t\t\t<\/div>\n\t\t<\/div>\n\t\t\t\t\t<\/div>\n\t\t<\/div>\n\t\t\t\t<div class=\"elementor-section elementor-top-section elementor-element elementor-element-d22ffe1 elementor-hidden-tablet elementor-hidden-tabletportrait elementor-hidden-mobile elementor-section-boxed elementor-section-height-default elementor-section-height-default\" data-id=\"d22ffe1\" data-element_type=\"section\">\n\t\t\t\t\t\t<div class=\"elementor-container elementor-column-gap-default\">\n\t\t\t\t\t<div class=\"elementor-column elementor-col-100 elementor-top-column elementor-element elementor-element-2fe1b5d\" data-id=\"2fe1b5d\" data-element_type=\"column\">\n\t\t\t<div class=\"elementor-widget-wrap\">\n\t\t\t\t\t\t\t<\/div>\n\t\t<\/div>\n\t\t\t\t\t<\/div>\n\t\t<\/div>\n\t\t\t\t<\/div>\n\t\t","protected":false},"excerpt":{"rendered":"<p>Lab | R&amp;D SAFETY We are ISO 9001 and ISO 22000 certified, and our factory is supervised by the Chief Sanitary Inspectorate and the State Sanitary Inspection. Advanced technology We have some top-notch analytical and laboratory equipment at our disposal, including an HPLC setup. Advanced solutions allow us to scale our manufacturing operations \u2013 we can handle both large batches\u2026<\/p>\n","protected":false},"author":1,"featured_media":0,"parent":0,"menu_order":0,"comment_status":"closed","ping_status":"closed","template":"","meta":{"om_disable_all_campaigns":false,"footnotes":""},"class_list":["post-10185","page","type-page","status-publish","hentry"],"yoast_head":"<!-- This site is optimized with the Yoast SEO plugin v27.3 - https:\/\/yoast.com\/product\/yoast-seo-wordpress\/ -->\n<title>Lab and R&amp;D Department | Hemplab<\/title>\n<meta name=\"robots\" content=\"index, follow, max-snippet:-1, max-image-preview:large, max-video-preview:-1\" \/>\n<link rel=\"canonical\" href=\"https:\/\/hemplab.ltd\/en\/lab-and-rd-department\/\" \/>\n<meta property=\"og:locale\" content=\"en_US\" \/>\n<meta property=\"og:type\" content=\"article\" \/>\n<meta property=\"og:title\" content=\"Lab and R&amp;D Department | Hemplab\" \/>\n<meta property=\"og:description\" content=\"Lab | R&amp;D SAFETY We are ISO 9001 and ISO 22000 certified, and our factory is supervised by the Chief Sanitary Inspectorate and the State Sanitary Inspection. Advanced technology We have some top-notch analytical and laboratory equipment at our disposal, including an HPLC setup. Advanced solutions allow us to scale our manufacturing operations \u2013 we can handle both large batches\u2026\" \/>\n<meta property=\"og:url\" content=\"https:\/\/hemplab.ltd\/en\/lab-and-rd-department\/\" \/>\n<meta property=\"og:site_name\" content=\"Hemplab\" \/>\n<meta property=\"article:modified_time\" content=\"2023-01-20T09:46:54+00:00\" \/>\n<meta name=\"twitter:card\" content=\"summary_large_image\" \/>\n<meta name=\"twitter:label1\" content=\"Est. reading time\" \/>\n\t<meta name=\"twitter:data1\" content=\"2 minutes\" \/>\n<!-- \/ Yoast SEO plugin. -->","yoast_head_json":{"title":"Lab and R&amp;D Department | Hemplab","robots":{"index":"index","follow":"follow","max-snippet":"max-snippet:-1","max-image-preview":"max-image-preview:large","max-video-preview":"max-video-preview:-1"},"canonical":"https:\/\/hemplab.ltd\/en\/lab-and-rd-department\/","og_locale":"en_US","og_type":"article","og_title":"Lab and R&amp;D Department | Hemplab","og_description":"Lab | R&amp;D SAFETY We are ISO 9001 and ISO 22000 certified, and our factory is supervised by the Chief Sanitary Inspectorate and the State Sanitary Inspection. Advanced technology We have some top-notch analytical and laboratory equipment at our disposal, including an HPLC setup. Advanced solutions allow us to scale our manufacturing operations \u2013 we can handle both large batches\u2026","og_url":"https:\/\/hemplab.ltd\/en\/lab-and-rd-department\/","og_site_name":"Hemplab","article_modified_time":"2023-01-20T09:46:54+00:00","twitter_card":"summary_large_image","twitter_misc":{"Est. reading time":"2 minutes"},"schema":{"@context":"https:\/\/schema.org","@graph":[{"@type":"WebPage","@id":"https:\/\/hemplab.ltd\/en\/lab-and-rd-department\/","url":"https:\/\/hemplab.ltd\/en\/lab-and-rd-department\/","name":"Lab and R&amp;D Department | Hemplab","isPartOf":{"@id":"https:\/\/hemplab.ltd\/#website"},"datePublished":"2021-01-25T06:00:48+00:00","dateModified":"2023-01-20T09:46:54+00:00","breadcrumb":{"@id":"https:\/\/hemplab.ltd\/en\/lab-and-rd-department\/#breadcrumb"},"inLanguage":"en-US","potentialAction":[{"@type":"ReadAction","target":["https:\/\/hemplab.ltd\/en\/lab-and-rd-department\/"]}]},{"@type":"BreadcrumbList","@id":"https:\/\/hemplab.ltd\/en\/lab-and-rd-department\/#breadcrumb","itemListElement":[{"@type":"ListItem","position":1,"name":"Home","item":"https:\/\/hemplab.ltd\/en\/hemplab-experts-you-can-trust\/"},{"@type":"ListItem","position":2,"name":"Lab and R&amp;D Department"}]},{"@type":"WebSite","@id":"https:\/\/hemplab.ltd\/#website","url":"https:\/\/hemplab.ltd\/","name":"Hemplab","description":"Eksperci biznesu konopnego kt\u00f3rym mo\u017cesz zaufa\u0107.","potentialAction":[{"@type":"SearchAction","target":{"@type":"EntryPoint","urlTemplate":"https:\/\/hemplab.ltd\/?s={search_term_string}"},"query-input":{"@type":"PropertyValueSpecification","valueRequired":true,"valueName":"search_term_string"}}],"inLanguage":"en-US"}]}},"_links":{"self":[{"href":"https:\/\/hemplab.ltd\/en\/wp-json\/wp\/v2\/pages\/10185","targetHints":{"allow":["GET"]}}],"collection":[{"href":"https:\/\/hemplab.ltd\/en\/wp-json\/wp\/v2\/pages"}],"about":[{"href":"https:\/\/hemplab.ltd\/en\/wp-json\/wp\/v2\/types\/page"}],"author":[{"embeddable":true,"href":"https:\/\/hemplab.ltd\/en\/wp-json\/wp\/v2\/users\/1"}],"replies":[{"embeddable":true,"href":"https:\/\/hemplab.ltd\/en\/wp-json\/wp\/v2\/comments?post=10185"}],"version-history":[{"count":9,"href":"https:\/\/hemplab.ltd\/en\/wp-json\/wp\/v2\/pages\/10185\/revisions"}],"predecessor-version":[{"id":10430,"href":"https:\/\/hemplab.ltd\/en\/wp-json\/wp\/v2\/pages\/10185\/revisions\/10430"}],"wp:attachment":[{"href":"https:\/\/hemplab.ltd\/en\/wp-json\/wp\/v2\/media?parent=10185"}],"curies":[{"name":"wp","href":"https:\/\/api.w.org\/{rel}","templated":true}]}}