{"id":10238,"date":"2022-11-04T14:57:35","date_gmt":"2022-11-04T13:57:35","guid":{"rendered":"https:\/\/hemplab.ltd\/manufacture-of-essential-oils-from-fresh-and-dry-plants\/"},"modified":"2023-01-18T11:58:02","modified_gmt":"2023-01-18T10:58:02","slug":"manufacture-of-essential-oils-from-fresh-and-dry-plants","status":"publish","type":"page","link":"https:\/\/hemplab.ltd\/en\/manufacture-of-essential-oils-from-fresh-and-dry-plants\/","title":{"rendered":"Manufacture of essential oils from fresh and dry plants"},"content":{"rendered":"\t\t<div data-elementor-type=\"wp-page\" data-elementor-id=\"10238\" class=\"elementor elementor-10238 elementor-8150\">\n\t\t\t\t\t\t<div class=\"elementor-section elementor-top-section elementor-element elementor-element-708cbaa elementor-section-boxed elementor-section-height-default elementor-section-height-default\" data-id=\"708cbaa\" data-element_type=\"section\">\n\t\t\t\t\t\t<div class=\"elementor-container elementor-column-gap-default\">\n\t\t\t\t\t<div class=\"elementor-column elementor-col-100 elementor-top-column elementor-element elementor-element-cde9681\" data-id=\"cde9681\" data-element_type=\"column\">\n\t\t\t<div class=\"elementor-widget-wrap elementor-element-populated\">\n\t\t\t\t\t\t<div class=\"elementor-element elementor-element-09493c6 elementor-widget elementor-widget-spacer\" data-id=\"09493c6\" data-element_type=\"widget\" data-widget_type=\"spacer.default\">\n\t\t\t\t<div class=\"elementor-widget-container\">\n\t\t\t<style>\/*! elementor - v3.23.0 - 05-08-2024 *\/\n.elementor-column .elementor-spacer-inner{height:var(--spacer-size)}.e-con{--container-widget-width:100%}.e-con-inner>.elementor-widget-spacer,.e-con>.elementor-widget-spacer{width:var(--container-widget-width,var(--spacer-size));--align-self:var(--container-widget-align-self,initial);--flex-shrink:0}.e-con-inner>.elementor-widget-spacer>.elementor-widget-container,.e-con>.elementor-widget-spacer>.elementor-widget-container{height:100%;width:100%}.e-con-inner>.elementor-widget-spacer>.elementor-widget-container>.elementor-spacer,.e-con>.elementor-widget-spacer>.elementor-widget-container>.elementor-spacer{height:100%}.e-con-inner>.elementor-widget-spacer>.elementor-widget-container>.elementor-spacer>.elementor-spacer-inner,.e-con>.elementor-widget-spacer>.elementor-widget-container>.elementor-spacer>.elementor-spacer-inner{height:var(--container-widget-height,var(--spacer-size))}.e-con-inner>.elementor-widget-spacer.elementor-widget-empty,.e-con>.elementor-widget-spacer.elementor-widget-empty{position:relative;min-height:22px;min-width:22px}.e-con-inner>.elementor-widget-spacer.elementor-widget-empty .elementor-widget-empty-icon,.e-con>.elementor-widget-spacer.elementor-widget-empty .elementor-widget-empty-icon{position:absolute;top:0;bottom:0;left:0;right:0;margin:auto;padding:0;width:22px;height:22px}<\/style>\t\t<div class=\"elementor-spacer\">\n\t\t\t<div class=\"elementor-spacer-inner\"><\/div>\n\t\t<\/div>\n\t\t\t\t<\/div>\n\t\t\t\t<\/div>\n\t\t\t\t<div class=\"elementor-element elementor-element-c7777dc elementor-widget elementor-widget-heading\" data-id=\"c7777dc\" data-element_type=\"widget\" data-widget_type=\"heading.default\">\n\t\t\t\t<div class=\"elementor-widget-container\">\n\t\t\t<style>\/*! elementor - v3.23.0 - 05-08-2024 *\/\n.elementor-heading-title{padding:0;margin:0;line-height:1}.elementor-widget-heading .elementor-heading-title[class*=elementor-size-]>a{color:inherit;font-size:inherit;line-height:inherit}.elementor-widget-heading .elementor-heading-title.elementor-size-small{font-size:15px}.elementor-widget-heading .elementor-heading-title.elementor-size-medium{font-size:19px}.elementor-widget-heading .elementor-heading-title.elementor-size-large{font-size:29px}.elementor-widget-heading .elementor-heading-title.elementor-size-xl{font-size:39px}.elementor-widget-heading .elementor-heading-title.elementor-size-xxl{font-size:59px}<\/style><h2 class=\"elementor-heading-title elementor-size-default\">Manufacture of essential oils from fresh and dry plants<\/h2>\t\t<\/div>\n\t\t\t\t<\/div>\n\t\t\t\t<div class=\"elementor-element elementor-element-901f2f2 elementor-widget elementor-widget-spacer\" data-id=\"901f2f2\" data-element_type=\"widget\" data-widget_type=\"spacer.default\">\n\t\t\t\t<div class=\"elementor-widget-container\">\n\t\t\t\t\t<div class=\"elementor-spacer\">\n\t\t\t<div class=\"elementor-spacer-inner\"><\/div>\n\t\t<\/div>\n\t\t\t\t<\/div>\n\t\t\t\t<\/div>\n\t\t\t\t<div class=\"elementor-section elementor-inner-section elementor-element elementor-element-51e080a elementor-section-boxed elementor-section-height-default elementor-section-height-default\" data-id=\"51e080a\" data-element_type=\"section\">\n\t\t\t\t\t\t<div class=\"elementor-container elementor-column-gap-default\">\n\t\t\t\t\t<div class=\"elementor-column elementor-col-100 elementor-inner-column elementor-element elementor-element-e535ecf\" data-id=\"e535ecf\" data-element_type=\"column\">\n\t\t\t<div class=\"elementor-widget-wrap elementor-element-populated\">\n\t\t\t\t\t\t<div class=\"elementor-element elementor-element-fc15932 elementor-widget elementor-widget-text-editor\" data-id=\"fc15932\" data-element_type=\"widget\" data-widget_type=\"text-editor.default\">\n\t\t\t\t<div class=\"elementor-widget-container\">\n\t\t\t<style>\/*! elementor - v3.23.0 - 05-08-2024 *\/\n.elementor-widget-text-editor.elementor-drop-cap-view-stacked .elementor-drop-cap{background-color:#69727d;color:#fff}.elementor-widget-text-editor.elementor-drop-cap-view-framed .elementor-drop-cap{color:#69727d;border:3px solid;background-color:transparent}.elementor-widget-text-editor:not(.elementor-drop-cap-view-default) .elementor-drop-cap{margin-top:8px}.elementor-widget-text-editor:not(.elementor-drop-cap-view-default) .elementor-drop-cap-letter{width:1em;height:1em}.elementor-widget-text-editor .elementor-drop-cap{float:left;text-align:center;line-height:1;font-size:50px}.elementor-widget-text-editor .elementor-drop-cap-letter{display:inline-block}<\/style>\t\t\t\tWe manufacture liquid plant extracts from a single ingredient, as well as from mixtures of multiple ingredients. Our range includes extracts from fresh and dry plants, and other organic materials. The extracts can vary in their base materials and consistency depending on what bioactive compounds they contain and their intended purpose.\nWe obtain our essential oils from carefully selected plants by means of distillation or extraction. Natural essential oils have a wide variety of applications in day-to-day life as well as in multiple industries. Our formulas have been developed by a team of experienced specialists. In its operations, Hemplab always makes sure to comply with applicable laws and standards.\t\t\t\t\t\t<\/div>\n\t\t\t\t<\/div>\n\t\t\t\t\t<\/div>\n\t\t<\/div>\n\t\t\t\t\t<\/div>\n\t\t<\/div>\n\t\t\t\t\t<\/div>\n\t\t<\/div>\n\t\t\t\t\t<\/div>\n\t\t<\/div>\n\t\t\t\t<\/div>\n\t\t","protected":false},"excerpt":{"rendered":"<p>Manufacture of essential oils from fresh and dry plants We manufacture liquid plant extracts from a single ingredient, as well as from mixtures of multiple ingredients. Our range includes extracts from fresh and dry plants, and other organic materials. The extracts can vary in their base materials and consistency depending on what bioactive compounds they contain and their intended purpose.\u2026<\/p>\n","protected":false},"author":1,"featured_media":0,"parent":0,"menu_order":0,"comment_status":"closed","ping_status":"closed","template":"","meta":{"om_disable_all_campaigns":false,"footnotes":""},"class_list":["post-10238","page","type-page","status-publish","hentry"],"yoast_head":"<!-- This site is optimized with the Yoast SEO plugin v27.3 - https:\/\/yoast.com\/product\/yoast-seo-wordpress\/ -->\n<title>Manufacture of essential oils from fresh and dry plants | Hemplab<\/title>\n<meta name=\"description\" content=\"Looking for a laboratory producing essential oils and developing formulas? See what we can do for you!\" \/>\n<meta name=\"robots\" content=\"index, follow, max-snippet:-1, max-image-preview:large, max-video-preview:-1\" \/>\n<link rel=\"canonical\" href=\"https:\/\/hemplab.ltd\/en\/manufacture-of-essential-oils-from-fresh-and-dry-plants\/\" \/>\n<meta property=\"og:locale\" content=\"en_US\" \/>\n<meta property=\"og:type\" content=\"article\" \/>\n<meta property=\"og:title\" content=\"Manufacture of essential oils from fresh and dry plants | Hemplab\" \/>\n<meta property=\"og:description\" content=\"Looking for a laboratory producing essential oils and developing formulas? See what we can do for you!\" \/>\n<meta property=\"og:url\" content=\"https:\/\/hemplab.ltd\/en\/manufacture-of-essential-oils-from-fresh-and-dry-plants\/\" \/>\n<meta property=\"og:site_name\" content=\"Hemplab\" \/>\n<meta property=\"article:modified_time\" content=\"2023-01-18T10:58:02+00:00\" \/>\n<meta name=\"twitter:card\" content=\"summary_large_image\" \/>\n<meta name=\"twitter:label1\" content=\"Est. reading time\" \/>\n\t<meta name=\"twitter:data1\" content=\"1 minute\" \/>\n<!-- \/ Yoast SEO plugin. -->","yoast_head_json":{"title":"Manufacture of essential oils from fresh and dry plants | Hemplab","description":"Looking for a laboratory producing essential oils and developing formulas? See what we can do for you!","robots":{"index":"index","follow":"follow","max-snippet":"max-snippet:-1","max-image-preview":"max-image-preview:large","max-video-preview":"max-video-preview:-1"},"canonical":"https:\/\/hemplab.ltd\/en\/manufacture-of-essential-oils-from-fresh-and-dry-plants\/","og_locale":"en_US","og_type":"article","og_title":"Manufacture of essential oils from fresh and dry plants | Hemplab","og_description":"Looking for a laboratory producing essential oils and developing formulas? See what we can do for you!","og_url":"https:\/\/hemplab.ltd\/en\/manufacture-of-essential-oils-from-fresh-and-dry-plants\/","og_site_name":"Hemplab","article_modified_time":"2023-01-18T10:58:02+00:00","twitter_card":"summary_large_image","twitter_misc":{"Est. reading time":"1 minute"},"schema":{"@context":"https:\/\/schema.org","@graph":[{"@type":"WebPage","@id":"https:\/\/hemplab.ltd\/en\/manufacture-of-essential-oils-from-fresh-and-dry-plants\/","url":"https:\/\/hemplab.ltd\/en\/manufacture-of-essential-oils-from-fresh-and-dry-plants\/","name":"Manufacture of essential oils from fresh and dry plants | Hemplab","isPartOf":{"@id":"https:\/\/hemplab.ltd\/#website"},"datePublished":"2022-11-04T13:57:35+00:00","dateModified":"2023-01-18T10:58:02+00:00","description":"Looking for a laboratory producing essential oils and developing formulas? See what we can do for you!","breadcrumb":{"@id":"https:\/\/hemplab.ltd\/en\/manufacture-of-essential-oils-from-fresh-and-dry-plants\/#breadcrumb"},"inLanguage":"en-US","potentialAction":[{"@type":"ReadAction","target":["https:\/\/hemplab.ltd\/en\/manufacture-of-essential-oils-from-fresh-and-dry-plants\/"]}]},{"@type":"BreadcrumbList","@id":"https:\/\/hemplab.ltd\/en\/manufacture-of-essential-oils-from-fresh-and-dry-plants\/#breadcrumb","itemListElement":[{"@type":"ListItem","position":1,"name":"Home","item":"https:\/\/hemplab.ltd\/en\/hemplab-experts-you-can-trust\/"},{"@type":"ListItem","position":2,"name":"Manufacture of essential oils from fresh and dry plants"}]},{"@type":"WebSite","@id":"https:\/\/hemplab.ltd\/#website","url":"https:\/\/hemplab.ltd\/","name":"Hemplab","description":"Eksperci biznesu konopnego kt\u00f3rym mo\u017cesz zaufa\u0107.","potentialAction":[{"@type":"SearchAction","target":{"@type":"EntryPoint","urlTemplate":"https:\/\/hemplab.ltd\/?s={search_term_string}"},"query-input":{"@type":"PropertyValueSpecification","valueRequired":true,"valueName":"search_term_string"}}],"inLanguage":"en-US"}]}},"_links":{"self":[{"href":"https:\/\/hemplab.ltd\/en\/wp-json\/wp\/v2\/pages\/10238","targetHints":{"allow":["GET"]}}],"collection":[{"href":"https:\/\/hemplab.ltd\/en\/wp-json\/wp\/v2\/pages"}],"about":[{"href":"https:\/\/hemplab.ltd\/en\/wp-json\/wp\/v2\/types\/page"}],"author":[{"embeddable":true,"href":"https:\/\/hemplab.ltd\/en\/wp-json\/wp\/v2\/users\/1"}],"replies":[{"embeddable":true,"href":"https:\/\/hemplab.ltd\/en\/wp-json\/wp\/v2\/comments?post=10238"}],"version-history":[{"count":1,"href":"https:\/\/hemplab.ltd\/en\/wp-json\/wp\/v2\/pages\/10238\/revisions"}],"predecessor-version":[{"id":10239,"href":"https:\/\/hemplab.ltd\/en\/wp-json\/wp\/v2\/pages\/10238\/revisions\/10239"}],"wp:attachment":[{"href":"https:\/\/hemplab.ltd\/en\/wp-json\/wp\/v2\/media?parent=10238"}],"curies":[{"name":"wp","href":"https:\/\/api.w.org\/{rel}","templated":true}]}}