{"id":10242,"date":"2022-11-04T14:41:28","date_gmt":"2022-11-04T13:41:28","guid":{"rendered":"https:\/\/hemplab.ltd\/cbd-products-oils-shots-liquids-and-pastes\/"},"modified":"2023-01-18T11:59:19","modified_gmt":"2023-01-18T10:59:19","slug":"cbd-products-oils-shots-liquids-and-pastes","status":"publish","type":"page","link":"https:\/\/hemplab.ltd\/en\/cbd-products-oils-shots-liquids-and-pastes\/","title":{"rendered":"CBD products \u2013 oils, shots, liquids and pastes"},"content":{"rendered":"\t\t<div data-elementor-type=\"wp-page\" data-elementor-id=\"10242\" class=\"elementor elementor-10242 elementor-8118\">\n\t\t\t\t\t\t<div class=\"elementor-section elementor-top-section elementor-element elementor-element-aaac56b elementor-section-boxed elementor-section-height-default elementor-section-height-default\" data-id=\"aaac56b\" data-element_type=\"section\">\n\t\t\t\t\t\t<div class=\"elementor-container elementor-column-gap-default\">\n\t\t\t\t\t<div class=\"elementor-column elementor-col-100 elementor-top-column elementor-element elementor-element-5ea4796\" data-id=\"5ea4796\" data-element_type=\"column\">\n\t\t\t<div class=\"elementor-widget-wrap elementor-element-populated\">\n\t\t\t\t\t\t<div class=\"elementor-element elementor-element-830ff80 elementor-widget elementor-widget-spacer\" data-id=\"830ff80\" data-element_type=\"widget\" data-widget_type=\"spacer.default\">\n\t\t\t\t<div class=\"elementor-widget-container\">\n\t\t\t<style>\/*! elementor - v3.23.0 - 05-08-2024 *\/\n.elementor-column .elementor-spacer-inner{height:var(--spacer-size)}.e-con{--container-widget-width:100%}.e-con-inner>.elementor-widget-spacer,.e-con>.elementor-widget-spacer{width:var(--container-widget-width,var(--spacer-size));--align-self:var(--container-widget-align-self,initial);--flex-shrink:0}.e-con-inner>.elementor-widget-spacer>.elementor-widget-container,.e-con>.elementor-widget-spacer>.elementor-widget-container{height:100%;width:100%}.e-con-inner>.elementor-widget-spacer>.elementor-widget-container>.elementor-spacer,.e-con>.elementor-widget-spacer>.elementor-widget-container>.elementor-spacer{height:100%}.e-con-inner>.elementor-widget-spacer>.elementor-widget-container>.elementor-spacer>.elementor-spacer-inner,.e-con>.elementor-widget-spacer>.elementor-widget-container>.elementor-spacer>.elementor-spacer-inner{height:var(--container-widget-height,var(--spacer-size))}.e-con-inner>.elementor-widget-spacer.elementor-widget-empty,.e-con>.elementor-widget-spacer.elementor-widget-empty{position:relative;min-height:22px;min-width:22px}.e-con-inner>.elementor-widget-spacer.elementor-widget-empty .elementor-widget-empty-icon,.e-con>.elementor-widget-spacer.elementor-widget-empty .elementor-widget-empty-icon{position:absolute;top:0;bottom:0;left:0;right:0;margin:auto;padding:0;width:22px;height:22px}<\/style>\t\t<div class=\"elementor-spacer\">\n\t\t\t<div class=\"elementor-spacer-inner\"><\/div>\n\t\t<\/div>\n\t\t\t\t<\/div>\n\t\t\t\t<\/div>\n\t\t\t\t<div class=\"elementor-element elementor-element-979fcbe elementor-widget elementor-widget-heading\" data-id=\"979fcbe\" data-element_type=\"widget\" data-widget_type=\"heading.default\">\n\t\t\t\t<div class=\"elementor-widget-container\">\n\t\t\t<style>\/*! elementor - v3.23.0 - 05-08-2024 *\/\n.elementor-heading-title{padding:0;margin:0;line-height:1}.elementor-widget-heading .elementor-heading-title[class*=elementor-size-]>a{color:inherit;font-size:inherit;line-height:inherit}.elementor-widget-heading .elementor-heading-title.elementor-size-small{font-size:15px}.elementor-widget-heading .elementor-heading-title.elementor-size-medium{font-size:19px}.elementor-widget-heading .elementor-heading-title.elementor-size-large{font-size:29px}.elementor-widget-heading .elementor-heading-title.elementor-size-xl{font-size:39px}.elementor-widget-heading .elementor-heading-title.elementor-size-xxl{font-size:59px}<\/style><h2 class=\"elementor-heading-title elementor-size-default\">CBD products \u2013 oils, shots, liquids <br>and pastes<\/h2>\t\t<\/div>\n\t\t\t\t<\/div>\n\t\t\t\t<div class=\"elementor-element elementor-element-1413f7d elementor-widget elementor-widget-spacer\" data-id=\"1413f7d\" data-element_type=\"widget\" data-widget_type=\"spacer.default\">\n\t\t\t\t<div class=\"elementor-widget-container\">\n\t\t\t\t\t<div class=\"elementor-spacer\">\n\t\t\t<div class=\"elementor-spacer-inner\"><\/div>\n\t\t<\/div>\n\t\t\t\t<\/div>\n\t\t\t\t<\/div>\n\t\t\t\t<div class=\"elementor-section elementor-inner-section elementor-element elementor-element-180bac5 elementor-section-boxed elementor-section-height-default elementor-section-height-default\" data-id=\"180bac5\" data-element_type=\"section\">\n\t\t\t\t\t\t<div class=\"elementor-container elementor-column-gap-default\">\n\t\t\t\t\t<div class=\"elementor-column elementor-col-100 elementor-inner-column elementor-element elementor-element-6901cc3\" data-id=\"6901cc3\" data-element_type=\"column\">\n\t\t\t<div class=\"elementor-widget-wrap elementor-element-populated\">\n\t\t\t\t\t\t<div class=\"elementor-element elementor-element-d6bdcd5 elementor-widget elementor-widget-text-editor\" data-id=\"d6bdcd5\" data-element_type=\"widget\" data-widget_type=\"text-editor.default\">\n\t\t\t\t<div class=\"elementor-widget-container\">\n\t\t\t<style>\/*! elementor - v3.23.0 - 05-08-2024 *\/\n.elementor-widget-text-editor.elementor-drop-cap-view-stacked .elementor-drop-cap{background-color:#69727d;color:#fff}.elementor-widget-text-editor.elementor-drop-cap-view-framed .elementor-drop-cap{color:#69727d;border:3px solid;background-color:transparent}.elementor-widget-text-editor:not(.elementor-drop-cap-view-default) .elementor-drop-cap{margin-top:8px}.elementor-widget-text-editor:not(.elementor-drop-cap-view-default) .elementor-drop-cap-letter{width:1em;height:1em}.elementor-widget-text-editor .elementor-drop-cap{float:left;text-align:center;line-height:1;font-size:50px}.elementor-widget-text-editor .elementor-drop-cap-letter{display:inline-block}<\/style>\t\t\t\tOur business started out with mainly hemp-based products, such as CBD oils, pastes, shots, \nas well as micellised CBD in liquid and powdered form, ready to use in foodstuffs and \ncosmetics. We grow our own industrial hemp (Canabis sativa L.) \nin the Lublin Region. We know our products inside out \u2013 from the seed to the final product \u2013 which allows us to attest to their quality and safety. \t\t\t\t\t\t<\/div>\n\t\t\t\t<\/div>\n\t\t\t\t\t<\/div>\n\t\t<\/div>\n\t\t\t\t\t<\/div>\n\t\t<\/div>\n\t\t\t\t\t<\/div>\n\t\t<\/div>\n\t\t\t\t\t<\/div>\n\t\t<\/div>\n\t\t\t\t<\/div>\n\t\t","protected":false},"excerpt":{"rendered":"<p>CBD products \u2013 oils, shots, liquids and pastes Our business started out with mainly hemp-based products, such as CBD oils, pastes, shots, as well as micellised CBD in liquid and powdered form, ready to use in foodstuffs and cosmetics. We grow our own industrial hemp (Canabis sativa L.) in the Lublin Region. We know our products inside out \u2013 from\u2026<\/p>\n","protected":false},"author":1,"featured_media":0,"parent":0,"menu_order":0,"comment_status":"closed","ping_status":"closed","template":"","meta":{"om_disable_all_campaigns":false,"footnotes":""},"class_list":["post-10242","page","type-page","status-publish","hentry"],"yoast_head":"<!-- This site is optimized with the Yoast SEO plugin v27.3 - https:\/\/yoast.com\/product\/yoast-seo-wordpress\/ -->\n<title>CBD products \u2013 oils, shots, liquids and pastes | Hemplab<\/title>\n<meta name=\"description\" content=\"Our laboratory delivers hemp-based products that are ready for use in cosmetics and foodstuffs. Don\u2019t wait to see what we can do for you!\" \/>\n<meta name=\"robots\" content=\"index, follow, max-snippet:-1, max-image-preview:large, max-video-preview:-1\" \/>\n<link rel=\"canonical\" href=\"https:\/\/hemplab.ltd\/en\/cbd-products-oils-shots-liquids-and-pastes\/\" \/>\n<meta property=\"og:locale\" content=\"en_US\" \/>\n<meta property=\"og:type\" content=\"article\" \/>\n<meta property=\"og:title\" content=\"CBD products \u2013 oils, shots, liquids and pastes | Hemplab\" \/>\n<meta property=\"og:description\" content=\"Our laboratory delivers hemp-based products that are ready for use in cosmetics and foodstuffs. Don\u2019t wait to see what we can do for you!\" \/>\n<meta property=\"og:url\" content=\"https:\/\/hemplab.ltd\/en\/cbd-products-oils-shots-liquids-and-pastes\/\" \/>\n<meta property=\"og:site_name\" content=\"Hemplab\" \/>\n<meta property=\"article:modified_time\" content=\"2023-01-18T10:59:19+00:00\" \/>\n<meta name=\"twitter:card\" content=\"summary_large_image\" \/>\n<!-- \/ Yoast SEO plugin. -->","yoast_head_json":{"title":"CBD products \u2013 oils, shots, liquids and pastes | Hemplab","description":"Our laboratory delivers hemp-based products that are ready for use in cosmetics and foodstuffs. Don\u2019t wait to see what we can do for you!","robots":{"index":"index","follow":"follow","max-snippet":"max-snippet:-1","max-image-preview":"max-image-preview:large","max-video-preview":"max-video-preview:-1"},"canonical":"https:\/\/hemplab.ltd\/en\/cbd-products-oils-shots-liquids-and-pastes\/","og_locale":"en_US","og_type":"article","og_title":"CBD products \u2013 oils, shots, liquids and pastes | Hemplab","og_description":"Our laboratory delivers hemp-based products that are ready for use in cosmetics and foodstuffs. Don\u2019t wait to see what we can do for you!","og_url":"https:\/\/hemplab.ltd\/en\/cbd-products-oils-shots-liquids-and-pastes\/","og_site_name":"Hemplab","article_modified_time":"2023-01-18T10:59:19+00:00","twitter_card":"summary_large_image","schema":{"@context":"https:\/\/schema.org","@graph":[{"@type":"WebPage","@id":"https:\/\/hemplab.ltd\/en\/cbd-products-oils-shots-liquids-and-pastes\/","url":"https:\/\/hemplab.ltd\/en\/cbd-products-oils-shots-liquids-and-pastes\/","name":"CBD products \u2013 oils, shots, liquids and pastes | Hemplab","isPartOf":{"@id":"https:\/\/hemplab.ltd\/#website"},"datePublished":"2022-11-04T13:41:28+00:00","dateModified":"2023-01-18T10:59:19+00:00","description":"Our laboratory delivers hemp-based products that are ready for use in cosmetics and foodstuffs. Don\u2019t wait to see what we can do for you!","breadcrumb":{"@id":"https:\/\/hemplab.ltd\/en\/cbd-products-oils-shots-liquids-and-pastes\/#breadcrumb"},"inLanguage":"en-US","potentialAction":[{"@type":"ReadAction","target":["https:\/\/hemplab.ltd\/en\/cbd-products-oils-shots-liquids-and-pastes\/"]}]},{"@type":"BreadcrumbList","@id":"https:\/\/hemplab.ltd\/en\/cbd-products-oils-shots-liquids-and-pastes\/#breadcrumb","itemListElement":[{"@type":"ListItem","position":1,"name":"Home","item":"https:\/\/hemplab.ltd\/en\/hemplab-experts-you-can-trust\/"},{"@type":"ListItem","position":2,"name":"CBD products \u2013 oils, shots, liquids and pastes"}]},{"@type":"WebSite","@id":"https:\/\/hemplab.ltd\/#website","url":"https:\/\/hemplab.ltd\/","name":"Hemplab","description":"Eksperci biznesu konopnego kt\u00f3rym mo\u017cesz zaufa\u0107.","potentialAction":[{"@type":"SearchAction","target":{"@type":"EntryPoint","urlTemplate":"https:\/\/hemplab.ltd\/?s={search_term_string}"},"query-input":{"@type":"PropertyValueSpecification","valueRequired":true,"valueName":"search_term_string"}}],"inLanguage":"en-US"}]}},"_links":{"self":[{"href":"https:\/\/hemplab.ltd\/en\/wp-json\/wp\/v2\/pages\/10242","targetHints":{"allow":["GET"]}}],"collection":[{"href":"https:\/\/hemplab.ltd\/en\/wp-json\/wp\/v2\/pages"}],"about":[{"href":"https:\/\/hemplab.ltd\/en\/wp-json\/wp\/v2\/types\/page"}],"author":[{"embeddable":true,"href":"https:\/\/hemplab.ltd\/en\/wp-json\/wp\/v2\/users\/1"}],"replies":[{"embeddable":true,"href":"https:\/\/hemplab.ltd\/en\/wp-json\/wp\/v2\/comments?post=10242"}],"version-history":[{"count":1,"href":"https:\/\/hemplab.ltd\/en\/wp-json\/wp\/v2\/pages\/10242\/revisions"}],"predecessor-version":[{"id":10243,"href":"https:\/\/hemplab.ltd\/en\/wp-json\/wp\/v2\/pages\/10242\/revisions\/10243"}],"wp:attachment":[{"href":"https:\/\/hemplab.ltd\/en\/wp-json\/wp\/v2\/media?parent=10242"}],"curies":[{"name":"wp","href":"https:\/\/api.w.org\/{rel}","templated":true}]}}