{"id":10521,"date":"2023-03-28T08:35:30","date_gmt":"2023-03-28T06:35:30","guid":{"rendered":"https:\/\/hemplab.ltd\/?page_id=10521"},"modified":"2023-04-04T09:14:32","modified_gmt":"2023-04-04T07:14:32","slug":"projects","status":"publish","type":"page","link":"https:\/\/hemplab.ltd\/en\/projects\/","title":{"rendered":"Projects"},"content":{"rendered":"\t\t<div data-elementor-type=\"wp-page\" data-elementor-id=\"10521\" class=\"elementor elementor-10521 elementor-10496\">\n\t\t\t\t\t\t<div class=\"elementor-section elementor-top-section elementor-element elementor-element-658efe6 elementor-section-boxed elementor-section-height-default elementor-section-height-default\" data-id=\"658efe6\" data-element_type=\"section\">\n\t\t\t\t\t\t<div class=\"elementor-container elementor-column-gap-default\">\n\t\t\t\t\t<div class=\"elementor-column elementor-col-100 elementor-top-column elementor-element elementor-element-0a11ba3\" data-id=\"0a11ba3\" data-element_type=\"column\">\n\t\t\t<div class=\"elementor-widget-wrap elementor-element-populated\">\n\t\t\t\t\t\t<div class=\"elementor-section elementor-inner-section elementor-element elementor-element-801afca elementor-section-boxed elementor-section-height-default elementor-section-height-default\" data-id=\"801afca\" data-element_type=\"section\">\n\t\t\t\t\t\t<div class=\"elementor-container elementor-column-gap-default\">\n\t\t\t\t\t<div class=\"elementor-column elementor-col-100 elementor-inner-column elementor-element elementor-element-a125918\" data-id=\"a125918\" data-element_type=\"column\">\n\t\t\t<div class=\"elementor-widget-wrap elementor-element-populated\">\n\t\t\t\t\t\t<div class=\"elementor-element elementor-element-58aa722 elementor-widget elementor-widget-heading\" data-id=\"58aa722\" data-element_type=\"widget\" data-widget_type=\"heading.default\">\n\t\t\t\t<div class=\"elementor-widget-container\">\n\t\t\t<style>\/*! elementor - v3.23.0 - 05-08-2024 *\/\n.elementor-heading-title{padding:0;margin:0;line-height:1}.elementor-widget-heading .elementor-heading-title[class*=elementor-size-]>a{color:inherit;font-size:inherit;line-height:inherit}.elementor-widget-heading .elementor-heading-title.elementor-size-small{font-size:15px}.elementor-widget-heading .elementor-heading-title.elementor-size-medium{font-size:19px}.elementor-widget-heading .elementor-heading-title.elementor-size-large{font-size:29px}.elementor-widget-heading .elementor-heading-title.elementor-size-xl{font-size:39px}.elementor-widget-heading .elementor-heading-title.elementor-size-xxl{font-size:59px}<\/style><h2 class=\"elementor-heading-title elementor-size-default\">Grant<\/h2>\t\t<\/div>\n\t\t\t\t<\/div>\n\t\t\t\t<div class=\"elementor-element elementor-element-8f472ab elementor-widget__width-initial elementor-widget elementor-widget-heading\" data-id=\"8f472ab\" data-element_type=\"widget\" data-widget_type=\"heading.default\">\n\t\t\t\t<div class=\"elementor-widget-container\">\n\t\t\t<h3 class=\"elementor-heading-title elementor-size-default\">Project title:<\/h3>\t\t<\/div>\n\t\t\t\t<\/div>\n\t\t\t\t<div class=\"elementor-element elementor-element-452fd7a elementor-widget__width-initial elementor-widget elementor-widget-text-editor\" data-id=\"452fd7a\" data-element_type=\"widget\" data-widget_type=\"text-editor.default\">\n\t\t\t\t<div class=\"elementor-widget-container\">\n\t\t\t<style>\/*! elementor - v3.23.0 - 05-08-2024 *\/\n.elementor-widget-text-editor.elementor-drop-cap-view-stacked .elementor-drop-cap{background-color:#69727d;color:#fff}.elementor-widget-text-editor.elementor-drop-cap-view-framed .elementor-drop-cap{color:#69727d;border:3px solid;background-color:transparent}.elementor-widget-text-editor:not(.elementor-drop-cap-view-default) .elementor-drop-cap{margin-top:8px}.elementor-widget-text-editor:not(.elementor-drop-cap-view-default) .elementor-drop-cap-letter{width:1em;height:1em}.elementor-widget-text-editor .elementor-drop-cap{float:left;text-align:center;line-height:1;font-size:50px}.elementor-widget-text-editor .elementor-drop-cap-letter{display:inline-block}<\/style>\t\t\t\tExpansion of HEMPLAB SP\u00d3\u0141KA Z OGRANICZON\u0104 ODPOWIEDZIALNO\u015aCI\u0104 to the new foreign markets, promoting the product in the form of dietry supplements and cosmetic raw materials based on vegetable oils and hemp. \t\t\t\t\t\t<\/div>\n\t\t\t\t<\/div>\n\t\t\t\t<div class=\"elementor-element elementor-element-c84737d elementor-widget__width-initial elementor-widget elementor-widget-heading\" data-id=\"c84737d\" data-element_type=\"widget\" data-widget_type=\"heading.default\">\n\t\t\t\t<div class=\"elementor-widget-container\">\n\t\t\t<h3 class=\"elementor-heading-title elementor-size-default\">Objective and planned effect of the project:<\/h3>\t\t<\/div>\n\t\t\t\t<\/div>\n\t\t\t\t<div class=\"elementor-element elementor-element-4d2c46a elementor-widget__width-initial elementor-widget elementor-widget-text-editor\" data-id=\"4d2c46a\" data-element_type=\"widget\" data-widget_type=\"text-editor.default\">\n\t\t\t\t<div class=\"elementor-widget-container\">\n\t\t\t\t\t\t\t<p>The company expects that as a result of the internationalization:<\/p>\t\t\t\t\t\t<\/div>\n\t\t\t\t<\/div>\n\t\t\t\t<div class=\"elementor-element elementor-element-53b3dd8 elementor-widget__width-initial elementor-widget elementor-widget-text-editor\" data-id=\"53b3dd8\" data-element_type=\"widget\" data-widget_type=\"text-editor.default\">\n\t\t\t\t<div class=\"elementor-widget-container\">\n\t\t\t\t\t\t\t<ol><li>It will gain new foreign markets &#8211; Great Britain, Spain and the USA.<\/li><li>It will increase revenues by increasing exports by at least PLN 20% by the end of 2025.<\/li><li>It will develop its activity thanks to the experience gained through international economic \u00adcooperation.<\/li><li>It will obtain an increase in income, which in turn will allow for new investments, e.g. the purchase of new machinery and equipment necessary to increase production capacity<\/li><li>Will establish new international contacts, which will allow for further foreign expansion to further new markets.<\/li><\/ol>\t\t\t\t\t\t<\/div>\n\t\t\t\t<\/div>\n\t\t\t\t<div class=\"elementor-element elementor-element-32ef77d elementor-widget__width-initial elementor-widget elementor-widget-text-editor\" data-id=\"32ef77d\" data-element_type=\"widget\" data-widget_type=\"text-editor.default\">\n\t\t\t\t<div class=\"elementor-widget-container\">\n\t\t\t\t\t\t\t<p>Measurable effects of the project:<br \/>\u2013 Number of internationalization business models prepared for implementation \u2013 1;<br \/>\u2013 Number of new markets (countries) where the applicant is ready to start selling products \u2013 3;<br \/>\u2013 Number of organized distribution channels to be implemented in target markets \u2013 3.<\/p>\t\t\t\t\t\t<\/div>\n\t\t\t\t<\/div>\n\t\t\t\t<div class=\"elementor-element elementor-element-3992dd3 elementor-widget__width-initial elementor-widget elementor-widget-heading\" data-id=\"3992dd3\" data-element_type=\"widget\" data-widget_type=\"heading.default\">\n\t\t\t\t<div class=\"elementor-widget-container\">\n\t\t\t<h3 class=\"elementor-heading-title elementor-size-default\">Project value:<\/h3>\t\t<\/div>\n\t\t\t\t<\/div>\n\t\t\t\t<div class=\"elementor-element elementor-element-84cbb38 elementor-widget__width-initial elementor-widget elementor-widget-text-editor\" data-id=\"84cbb38\" data-element_type=\"widget\" data-widget_type=\"text-editor.default\">\n\t\t\t\t<div class=\"elementor-widget-container\">\n\t\t\t\t\t\t\t<p>The total value of the project is PLN 1,136,003.40 (say: one million one hundred thirty-six thousand three zlotys 40\/100)<\/p>\t\t\t\t\t\t<\/div>\n\t\t\t\t<\/div>\n\t\t\t\t<div class=\"elementor-element elementor-element-042cca6 elementor-widget__width-initial elementor-widget elementor-widget-heading\" data-id=\"042cca6\" data-element_type=\"widget\" data-widget_type=\"heading.default\">\n\t\t\t\t<div class=\"elementor-widget-container\">\n\t\t\t<h3 class=\"elementor-heading-title elementor-size-default\">Contribution of European Funds:<\/h3>\t\t<\/div>\n\t\t\t\t<\/div>\n\t\t\t\t<div class=\"elementor-element elementor-element-c612025 elementor-widget__width-initial elementor-widget elementor-widget-text-editor\" data-id=\"c612025\" data-element_type=\"widget\" data-widget_type=\"text-editor.default\">\n\t\t\t\t<div class=\"elementor-widget-container\">\n\t\t\t\t\t\t\t<p>Project co-financing constituting de minimis aid &#8211; PLN 699,981.28 (in words: three hundred eighty-four thousand five hundred zlotys 00\/100)<\/p>\t\t\t\t\t\t<\/div>\n\t\t\t\t<\/div>\n\t\t\t\t<div class=\"elementor-element elementor-element-f636cb3 elementor-widget__width-initial elementor-widget elementor-widget-heading\" data-id=\"f636cb3\" data-element_type=\"widget\" data-widget_type=\"heading.default\">\n\t\t\t\t<div class=\"elementor-widget-container\">\n\t\t\t<h3 class=\"elementor-heading-title elementor-size-default\">Time limit for completion:<\/h3>\t\t<\/div>\n\t\t\t\t<\/div>\n\t\t\t\t<div class=\"elementor-element elementor-element-93c3087 elementor-widget__width-initial elementor-widget elementor-widget-text-editor\" data-id=\"93c3087\" data-element_type=\"widget\" data-widget_type=\"text-editor.default\">\n\t\t\t\t<div class=\"elementor-widget-container\">\n\t\t\t\t\t\t\t<p>November 15, 2021 \u2013 May 12, 2023<\/p>\t\t\t\t\t\t<\/div>\n\t\t\t\t<\/div>\n\t\t\t\t<div class=\"elementor-element elementor-element-556b009 elementor-widget elementor-widget-image\" data-id=\"556b009\" data-element_type=\"widget\" data-widget_type=\"image.default\">\n\t\t\t\t<div class=\"elementor-widget-container\">\n\t\t\t<style>\/*! elementor - v3.23.0 - 05-08-2024 *\/\n.elementor-widget-image{text-align:center}.elementor-widget-image a{display:inline-block}.elementor-widget-image a img[src$=\".svg\"]{width:48px}.elementor-widget-image img{vertical-align:middle;display:inline-block}<\/style>\t\t\t\t\t\t\t\t\t\t<img fetchpriority=\"high\" decoding=\"async\" width=\"1024\" height=\"104\" src=\"https:\/\/hemplab.ltd\/wp-content\/uploads\/2020\/10\/flagi_EN.png\" class=\"attachment-large size-large wp-image-10518\" alt=\"\" \/>\t\t\t\t\t\t\t\t\t\t\t\t\t<\/div>\n\t\t\t\t<\/div>\n\t\t\t\t\t<\/div>\n\t\t<\/div>\n\t\t\t\t\t<\/div>\n\t\t<\/div>\n\t\t\t\t\t<\/div>\n\t\t<\/div>\n\t\t\t\t\t<\/div>\n\t\t<\/div>\n\t\t\t\t<\/div>\n\t\t","protected":false},"excerpt":{"rendered":"<p>Grant Project title: Expansion of HEMPLAB SP\u00d3\u0141KA Z OGRANICZON\u0104 ODPOWIEDZIALNO\u015aCI\u0104 to the new foreign markets, promoting the product in the form of dietry supplements and cosmetic raw materials based on vegetable oils and hemp. Objective and planned effect of the project: The company expects that as a result of the internationalization: It will gain new foreign markets &#8211; Great Britain,\u2026<\/p>\n","protected":false},"author":1,"featured_media":0,"parent":0,"menu_order":0,"comment_status":"closed","ping_status":"closed","template":"","meta":{"om_disable_all_campaigns":false,"footnotes":""},"class_list":["post-10521","page","type-page","status-publish","hentry"],"yoast_head":"<!-- This site is optimized with the Yoast SEO plugin v27.3 - https:\/\/yoast.com\/product\/yoast-seo-wordpress\/ -->\n<title>Projects | Hemplab<\/title>\n<meta name=\"robots\" content=\"index, follow, max-snippet:-1, max-image-preview:large, max-video-preview:-1\" \/>\n<link rel=\"canonical\" href=\"https:\/\/hemplab.ltd\/dotacje\/\" \/>\n<meta property=\"og:locale\" content=\"en_US\" \/>\n<meta property=\"og:type\" content=\"article\" \/>\n<meta property=\"og:title\" content=\"Projects | Hemplab\" \/>\n<meta property=\"og:description\" content=\"Grant Project title: Expansion of HEMPLAB SP\u00d3\u0141KA Z OGRANICZON\u0104 ODPOWIEDZIALNO\u015aCI\u0104 to the new foreign markets, promoting the product in the form of dietry supplements and cosmetic raw materials based on vegetable oils and hemp. Objective and planned effect of the project: The company expects that as a result of the internationalization: It will gain new foreign markets &#8211; Great Britain,\u2026\" \/>\n<meta property=\"og:url\" content=\"https:\/\/hemplab.ltd\/dotacje\/\" \/>\n<meta property=\"og:site_name\" content=\"Hemplab\" \/>\n<meta property=\"article:modified_time\" content=\"2023-04-04T07:14:32+00:00\" \/>\n<meta property=\"og:image\" content=\"https:\/\/hemplab.ltd\/wp-content\/uploads\/2020\/10\/flagi_EN.png\" \/>\n<meta name=\"twitter:card\" content=\"summary_large_image\" \/>\n<meta name=\"twitter:label1\" content=\"Est. reading time\" \/>\n\t<meta name=\"twitter:data1\" content=\"2 minutes\" \/>\n<!-- \/ Yoast SEO plugin. -->","yoast_head_json":{"title":"Projects | Hemplab","robots":{"index":"index","follow":"follow","max-snippet":"max-snippet:-1","max-image-preview":"max-image-preview:large","max-video-preview":"max-video-preview:-1"},"canonical":"https:\/\/hemplab.ltd\/dotacje\/","og_locale":"en_US","og_type":"article","og_title":"Projects | Hemplab","og_description":"Grant Project title: Expansion of HEMPLAB SP\u00d3\u0141KA Z OGRANICZON\u0104 ODPOWIEDZIALNO\u015aCI\u0104 to the new foreign markets, promoting the product in the form of dietry supplements and cosmetic raw materials based on vegetable oils and hemp. Objective and planned effect of the project: The company expects that as a result of the internationalization: It will gain new foreign markets &#8211; Great Britain,\u2026","og_url":"https:\/\/hemplab.ltd\/dotacje\/","og_site_name":"Hemplab","article_modified_time":"2023-04-04T07:14:32+00:00","og_image":[{"url":"https:\/\/hemplab.ltd\/wp-content\/uploads\/2020\/10\/flagi_EN.png","type":"","width":"","height":""}],"twitter_card":"summary_large_image","twitter_misc":{"Est. reading time":"2 minutes"},"schema":{"@context":"https:\/\/schema.org","@graph":[{"@type":"WebPage","@id":"https:\/\/hemplab.ltd\/dotacje\/","url":"https:\/\/hemplab.ltd\/dotacje\/","name":"Projects | Hemplab","isPartOf":{"@id":"https:\/\/hemplab.ltd\/#website"},"primaryImageOfPage":{"@id":"https:\/\/hemplab.ltd\/dotacje\/#primaryimage"},"image":{"@id":"https:\/\/hemplab.ltd\/dotacje\/#primaryimage"},"thumbnailUrl":"https:\/\/hemplab.ltd\/wp-content\/uploads\/2020\/10\/flagi_EN.png","datePublished":"2023-03-28T06:35:30+00:00","dateModified":"2023-04-04T07:14:32+00:00","breadcrumb":{"@id":"https:\/\/hemplab.ltd\/dotacje\/#breadcrumb"},"inLanguage":"en-US","potentialAction":[{"@type":"ReadAction","target":["https:\/\/hemplab.ltd\/dotacje\/"]}]},{"@type":"ImageObject","inLanguage":"en-US","@id":"https:\/\/hemplab.ltd\/dotacje\/#primaryimage","url":"https:\/\/hemplab.ltd\/wp-content\/uploads\/2020\/10\/flagi_EN.png","contentUrl":"https:\/\/hemplab.ltd\/wp-content\/uploads\/2020\/10\/flagi_EN.png"},{"@type":"BreadcrumbList","@id":"https:\/\/hemplab.ltd\/dotacje\/#breadcrumb","itemListElement":[{"@type":"ListItem","position":1,"name":"Home","item":"https:\/\/hemplab.ltd\/en\/hemplab-experts-you-can-trust\/"},{"@type":"ListItem","position":2,"name":"Projects"}]},{"@type":"WebSite","@id":"https:\/\/hemplab.ltd\/#website","url":"https:\/\/hemplab.ltd\/","name":"Hemplab","description":"Eksperci biznesu konopnego kt\u00f3rym mo\u017cesz zaufa\u0107.","potentialAction":[{"@type":"SearchAction","target":{"@type":"EntryPoint","urlTemplate":"https:\/\/hemplab.ltd\/?s={search_term_string}"},"query-input":{"@type":"PropertyValueSpecification","valueRequired":true,"valueName":"search_term_string"}}],"inLanguage":"en-US"}]}},"_links":{"self":[{"href":"https:\/\/hemplab.ltd\/en\/wp-json\/wp\/v2\/pages\/10521","targetHints":{"allow":["GET"]}}],"collection":[{"href":"https:\/\/hemplab.ltd\/en\/wp-json\/wp\/v2\/pages"}],"about":[{"href":"https:\/\/hemplab.ltd\/en\/wp-json\/wp\/v2\/types\/page"}],"author":[{"embeddable":true,"href":"https:\/\/hemplab.ltd\/en\/wp-json\/wp\/v2\/users\/1"}],"replies":[{"embeddable":true,"href":"https:\/\/hemplab.ltd\/en\/wp-json\/wp\/v2\/comments?post=10521"}],"version-history":[{"count":13,"href":"https:\/\/hemplab.ltd\/en\/wp-json\/wp\/v2\/pages\/10521\/revisions"}],"predecessor-version":[{"id":10712,"href":"https:\/\/hemplab.ltd\/en\/wp-json\/wp\/v2\/pages\/10521\/revisions\/10712"}],"wp:attachment":[{"href":"https:\/\/hemplab.ltd\/en\/wp-json\/wp\/v2\/media?parent=10521"}],"curies":[{"name":"wp","href":"https:\/\/api.w.org\/{rel}","templated":true}]}}