{"id":10301,"date":"2021-01-25T07:00:48","date_gmt":"2021-01-25T06:00:48","guid":{"rendered":"https:\/\/hemplab.ltd\/lab-y-rd\/"},"modified":"2023-01-20T11:24:28","modified_gmt":"2023-01-20T10:24:28","slug":"lab-y-rd","status":"publish","type":"page","link":"https:\/\/hemplab.ltd\/es\/lab-y-rd\/","title":{"rendered":"Lab y R&amp;D"},"content":{"rendered":"\t\t<div data-elementor-type=\"wp-page\" data-elementor-id=\"10301\" class=\"elementor elementor-10301 elementor-3520\">\n\t\t\t\t\t\t<div class=\"elementor-section elementor-top-section elementor-element elementor-element-fe23cbf elementor-section-boxed elementor-section-height-default elementor-section-height-default\" data-id=\"fe23cbf\" data-element_type=\"section\">\n\t\t\t\t\t\t<div class=\"elementor-container elementor-column-gap-default\">\n\t\t\t\t\t<div class=\"elementor-column elementor-col-100 elementor-top-column elementor-element elementor-element-2d1c575\" data-id=\"2d1c575\" data-element_type=\"column\">\n\t\t\t<div class=\"elementor-widget-wrap elementor-element-populated\">\n\t\t\t\t\t\t<div class=\"elementor-element elementor-element-3721f11 elementor-widget elementor-widget-text-editor\" data-id=\"3721f11\" data-element_type=\"widget\" data-widget_type=\"text-editor.default\">\n\t\t\t\t<div class=\"elementor-widget-container\">\n\t\t\t<style>\/*! elementor - v3.23.0 - 05-08-2024 *\/\n.elementor-widget-text-editor.elementor-drop-cap-view-stacked .elementor-drop-cap{background-color:#69727d;color:#fff}.elementor-widget-text-editor.elementor-drop-cap-view-framed .elementor-drop-cap{color:#69727d;border:3px solid;background-color:transparent}.elementor-widget-text-editor:not(.elementor-drop-cap-view-default) .elementor-drop-cap{margin-top:8px}.elementor-widget-text-editor:not(.elementor-drop-cap-view-default) .elementor-drop-cap-letter{width:1em;height:1em}.elementor-widget-text-editor .elementor-drop-cap{float:left;text-align:center;line-height:1;font-size:50px}.elementor-widget-text-editor .elementor-drop-cap-letter{display:inline-block}<\/style>\t\t\t\t<p>Lab | R&amp;D<\/p>\n\t\t\t\t\t\t<\/div>\n\t\t\t\t<\/div>\n\t\t\t\t\t<\/div>\n\t\t<\/div>\n\t\t\t\t\t<\/div>\n\t\t<\/div>\n\t\t\t\t<div class=\"elementor-section elementor-top-section elementor-element elementor-element-909350e elementor-section-boxed elementor-section-height-default elementor-section-height-default\" data-id=\"909350e\" data-element_type=\"section\">\n\t\t\t\t\t\t<div class=\"elementor-container elementor-column-gap-default\">\n\t\t\t\t\t<div class=\"elementor-column elementor-col-100 elementor-top-column elementor-element elementor-element-8df96aa\" data-id=\"8df96aa\" data-element_type=\"column\">\n\t\t\t<div class=\"elementor-widget-wrap elementor-element-populated\">\n\t\t\t\t\t\t<div class=\"elementor-element elementor-element-60c2aaf elementor-widget elementor-widget-html\" data-id=\"60c2aaf\" data-element_type=\"widget\" data-widget_type=\"html.default\">\n\t\t\t\t<div class=\"elementor-widget-container\">\n\t\t\t<div class=\"banner_destacados_wrapper pt-4 mt-4\">\n    <div class=\"container14\">\n        <div class=\"gallery_wrapper owl-carousel\">\n            <div class=\"item\">\n<div class=\"two\">\n         <div class=\"one\">       <img decoding=\"async\" data-src=\"\/wp-content\/uploads\/2020\/10\/Cannabium-03.02-7.png\" src=\"data:image\/svg+xml;base64,PHN2ZyB3aWR0aD0iMSIgaGVpZ2h0PSIxIiB4bWxucz0iaHR0cDovL3d3dy53My5vcmcvMjAwMC9zdmciPjwvc3ZnPg==\" class=\"lazyload\" style=\"--smush-placeholder-width: 507px; --smush-placeholder-aspect-ratio: 507\/487;\"><\/div>\n<div class=\"desc\">\n<div class=\"content_title\">\n                <h3 class=\"title\">\n SEGURIDAD\n                <\/h3>\n<p>Contamos con los certificados ISO 9001 y 22000, y nuestra planta est\u00e1 supervisada por el GIS y el Servicio Estatal de Inspecci\u00f3n Veterinaria.<\/p>\n            <\/div><\/div>\n    <\/div>         \n    \n            <\/div>\n            <div class=\"item\">\n<div class=\"two\">\n         <div class=\"one\">       <img decoding=\"async\" data-src=\"\/wp-content\/uploads\/2020\/10\/AGA_8006-1-1.png\" src=\"data:image\/svg+xml;base64,PHN2ZyB3aWR0aD0iMSIgaGVpZ2h0PSIxIiB4bWxucz0iaHR0cDovL3d3dy53My5vcmcvMjAwMC9zdmciPjwvc3ZnPg==\" class=\"lazyload\" style=\"--smush-placeholder-width: 508px; --smush-placeholder-aspect-ratio: 508\/487;\"><\/div>\n<div class=\"desc\">\n<div class=\"content_title\">\n                <h3 class=\"title\">\n Tecnolog\u00edas avanzadas <\/h3>\n<p>Disponemos de equipos anal\u00edticos y de laboratorio de alta gama, incluido un cromat\u00f3grafo de l\u00edquidos HPLC. Gracias a las soluciones avanzadas, es posible llevar a cabo una producci\u00f3n a gran escala, as\u00ed como desarrollar lotes m\u00e1s peque\u00f1os para la investigaci\u00f3n y la introducci\u00f3n de productos en pruebas. <\/p>\n            <\/div><\/div>\n    <\/div>         \n          \n            <\/div>\n      <div class=\"item\">\n<div class=\"two\">\n         <div class=\"one\">       <img decoding=\"async\" data-src=\"\/wp-content\/uploads\/2020\/10\/Mask-group-3.png\" src=\"data:image\/svg+xml;base64,PHN2ZyB3aWR0aD0iMSIgaGVpZ2h0PSIxIiB4bWxucz0iaHR0cDovL3d3dy53My5vcmcvMjAwMC9zdmciPjwvc3ZnPg==\" class=\"lazyload\" style=\"--smush-placeholder-width: 507px; --smush-placeholder-aspect-ratio: 507\/487;\"><\/div>\n<div class=\"desc\">\n<div class=\"content_title\">\n                <h3 class=\"title\">\u00bfPOR QU\u00c9 NOS IMPORTA TANTO LA CALIDAD? <\/h3>\n<p>Todos los productos se someten a controles de calidad porque valoramos la alta calidad tanto de nuestros productos de marca propia como de los de nuestros clientes. <\/p>\n            <\/div><\/div>\n    <\/div>     \n              \n            <\/div>\n             <div class=\"item\">\n<div class=\"two\">\n         <div class=\"one\">       <img decoding=\"async\" data-src=\"\/wp-content\/uploads\/2020\/10\/Cannabium-03.02-3.png\" src=\"data:image\/svg+xml;base64,PHN2ZyB3aWR0aD0iMSIgaGVpZ2h0PSIxIiB4bWxucz0iaHR0cDovL3d3dy53My5vcmcvMjAwMC9zdmciPjwvc3ZnPg==\" class=\"lazyload\" style=\"--smush-placeholder-width: 508px; --smush-placeholder-aspect-ratio: 508\/487;\"><\/div>\n<div class=\"desc\">\n<div class=\"content_title\">\n                <h3 class=\"title\">\n PERSONAL CUALIFICADO\n                <\/h3>\n<p>Colaboramos continuamente con cient\u00edficos de las universidades de Lublin, UMCS y la Universidad de Ciencias de la Vida. Al mismo tiempo, empleamos a una docena de experimentados qu\u00edmicos titulados que supervisan constantemente el proceso de producci\u00f3n, pero tambi\u00e9n desarrollan nuevos productos y asesoran a nuestros clientes. <\/p>\n            <\/div><\/div>\n    <\/div>     \n         \n            <\/div>\n        <\/div>\n    <\/div>\n<\/div>\t\t<\/div>\n\t\t\t\t<\/div>\n\t\t\t\t\t<\/div>\n\t\t<\/div>\n\t\t\t\t\t<\/div>\n\t\t<\/div>\n\t\t\t\t<div class=\"elementor-section elementor-top-section elementor-element elementor-element-f358344 elementor-section-full_width elementor-section-height-min-height elementor-section-stretched elementor-section-height-default elementor-section-items-middle\" data-id=\"f358344\" data-element_type=\"section\" data-settings=\"{&quot;stretch_section&quot;:&quot;section-stretched&quot;,&quot;background_background&quot;:&quot;classic&quot;}\">\n\t\t\t\t\t\t<div class=\"elementor-container elementor-column-gap-default\">\n\t\t\t\t\t<div class=\"elementor-column elementor-col-100 elementor-top-column elementor-element elementor-element-8ca3bfc\" data-id=\"8ca3bfc\" data-element_type=\"column\">\n\t\t\t<div class=\"elementor-widget-wrap\">\n\t\t\t\t\t\t\t<\/div>\n\t\t<\/div>\n\t\t\t\t\t<\/div>\n\t\t<\/div>\n\t\t\t\t<div class=\"elementor-section elementor-top-section elementor-element elementor-element-d22ffe1 elementor-hidden-tablet elementor-hidden-tabletportrait elementor-hidden-mobile elementor-section-boxed elementor-section-height-default elementor-section-height-default\" data-id=\"d22ffe1\" data-element_type=\"section\">\n\t\t\t\t\t\t<div class=\"elementor-container elementor-column-gap-default\">\n\t\t\t\t\t<div class=\"elementor-column elementor-col-100 elementor-top-column elementor-element elementor-element-2fe1b5d\" data-id=\"2fe1b5d\" data-element_type=\"column\">\n\t\t\t<div class=\"elementor-widget-wrap\">\n\t\t\t\t\t\t\t<\/div>\n\t\t<\/div>\n\t\t\t\t\t<\/div>\n\t\t<\/div>\n\t\t\t\t<\/div>\n\t\t","protected":false},"excerpt":{"rendered":"<p>Lab | R&amp;D SEGURIDAD Contamos con los certificados ISO 9001 y 22000, y nuestra planta est\u00e1 supervisada por el GIS y el Servicio Estatal de Inspecci\u00f3n Veterinaria. Tecnolog\u00edas avanzadas Disponemos de equipos anal\u00edticos y de laboratorio de alta gama, incluido un cromat\u00f3grafo de l\u00edquidos HPLC. Gracias a las soluciones avanzadas, es posible llevar a cabo una producci\u00f3n a gran escala,\u2026<\/p>\n","protected":false},"author":1,"featured_media":0,"parent":0,"menu_order":0,"comment_status":"closed","ping_status":"closed","template":"","meta":{"om_disable_all_campaigns":false,"footnotes":""},"class_list":["post-10301","page","type-page","status-publish","hentry"],"yoast_head":"<!-- This site is optimized with the Yoast SEO plugin v27.3 - https:\/\/yoast.com\/product\/yoast-seo-wordpress\/ -->\n<title>Lab y R&amp;D | Hemplab<\/title>\n<meta name=\"robots\" content=\"index, follow, max-snippet:-1, max-image-preview:large, max-video-preview:-1\" \/>\n<link rel=\"canonical\" href=\"https:\/\/hemplab.ltd\/es\/lab-y-rd\/\" \/>\n<meta property=\"og:locale\" content=\"es_ES\" \/>\n<meta property=\"og:type\" content=\"article\" \/>\n<meta property=\"og:title\" content=\"Lab y R&amp;D | Hemplab\" \/>\n<meta property=\"og:description\" content=\"Lab | R&amp;D SEGURIDAD Contamos con los certificados ISO 9001 y 22000, y nuestra planta est\u00e1 supervisada por el GIS y el Servicio Estatal de Inspecci\u00f3n Veterinaria. Tecnolog\u00edas avanzadas Disponemos de equipos anal\u00edticos y de laboratorio de alta gama, incluido un cromat\u00f3grafo de l\u00edquidos HPLC. Gracias a las soluciones avanzadas, es posible llevar a cabo una producci\u00f3n a gran escala,\u2026\" \/>\n<meta property=\"og:url\" content=\"https:\/\/hemplab.ltd\/es\/lab-y-rd\/\" \/>\n<meta property=\"og:site_name\" content=\"Hemplab\" \/>\n<meta property=\"article:modified_time\" content=\"2023-01-20T10:24:28+00:00\" \/>\n<meta name=\"twitter:card\" content=\"summary_large_image\" \/>\n<meta name=\"twitter:label1\" content=\"Tiempo de lectura\" \/>\n\t<meta name=\"twitter:data1\" content=\"2 minutos\" \/>\n<!-- \/ Yoast SEO plugin. -->","yoast_head_json":{"title":"Lab y R&amp;D | Hemplab","robots":{"index":"index","follow":"follow","max-snippet":"max-snippet:-1","max-image-preview":"max-image-preview:large","max-video-preview":"max-video-preview:-1"},"canonical":"https:\/\/hemplab.ltd\/es\/lab-y-rd\/","og_locale":"es_ES","og_type":"article","og_title":"Lab y R&amp;D | Hemplab","og_description":"Lab | R&amp;D SEGURIDAD Contamos con los certificados ISO 9001 y 22000, y nuestra planta est\u00e1 supervisada por el GIS y el Servicio Estatal de Inspecci\u00f3n Veterinaria. Tecnolog\u00edas avanzadas Disponemos de equipos anal\u00edticos y de laboratorio de alta gama, incluido un cromat\u00f3grafo de l\u00edquidos HPLC. Gracias a las soluciones avanzadas, es posible llevar a cabo una producci\u00f3n a gran escala,\u2026","og_url":"https:\/\/hemplab.ltd\/es\/lab-y-rd\/","og_site_name":"Hemplab","article_modified_time":"2023-01-20T10:24:28+00:00","twitter_card":"summary_large_image","twitter_misc":{"Tiempo de lectura":"2 minutos"},"schema":{"@context":"https:\/\/schema.org","@graph":[{"@type":"WebPage","@id":"https:\/\/hemplab.ltd\/es\/lab-y-rd\/","url":"https:\/\/hemplab.ltd\/es\/lab-y-rd\/","name":"Lab y R&amp;D | Hemplab","isPartOf":{"@id":"https:\/\/hemplab.ltd\/#website"},"datePublished":"2021-01-25T06:00:48+00:00","dateModified":"2023-01-20T10:24:28+00:00","breadcrumb":{"@id":"https:\/\/hemplab.ltd\/es\/lab-y-rd\/#breadcrumb"},"inLanguage":"es","potentialAction":[{"@type":"ReadAction","target":["https:\/\/hemplab.ltd\/es\/lab-y-rd\/"]}]},{"@type":"BreadcrumbList","@id":"https:\/\/hemplab.ltd\/es\/lab-y-rd\/#breadcrumb","itemListElement":[{"@type":"ListItem","position":1,"name":"P\u00e1gina de inicio","item":"https:\/\/hemplab.ltd\/"},{"@type":"ListItem","position":2,"name":"Lab y R&amp;D"}]},{"@type":"WebSite","@id":"https:\/\/hemplab.ltd\/#website","url":"https:\/\/hemplab.ltd\/","name":"Hemplab","description":"Eksperci biznesu konopnego kt\u00f3rym mo\u017cesz zaufa\u0107.","potentialAction":[{"@type":"SearchAction","target":{"@type":"EntryPoint","urlTemplate":"https:\/\/hemplab.ltd\/?s={search_term_string}"},"query-input":{"@type":"PropertyValueSpecification","valueRequired":true,"valueName":"search_term_string"}}],"inLanguage":"es"}]}},"_links":{"self":[{"href":"https:\/\/hemplab.ltd\/es\/wp-json\/wp\/v2\/pages\/10301","targetHints":{"allow":["GET"]}}],"collection":[{"href":"https:\/\/hemplab.ltd\/es\/wp-json\/wp\/v2\/pages"}],"about":[{"href":"https:\/\/hemplab.ltd\/es\/wp-json\/wp\/v2\/types\/page"}],"author":[{"embeddable":true,"href":"https:\/\/hemplab.ltd\/es\/wp-json\/wp\/v2\/users\/1"}],"replies":[{"embeddable":true,"href":"https:\/\/hemplab.ltd\/es\/wp-json\/wp\/v2\/comments?post=10301"}],"version-history":[{"count":5,"href":"https:\/\/hemplab.ltd\/es\/wp-json\/wp\/v2\/pages\/10301\/revisions"}],"predecessor-version":[{"id":10439,"href":"https:\/\/hemplab.ltd\/es\/wp-json\/wp\/v2\/pages\/10301\/revisions\/10439"}],"wp:attachment":[{"href":"https:\/\/hemplab.ltd\/es\/wp-json\/wp\/v2\/media?parent=10301"}],"curies":[{"name":"wp","href":"https:\/\/api.w.org\/{rel}","templated":true}]}}