{"id":10313,"date":"2022-11-02T12:50:47","date_gmt":"2022-11-02T11:50:47","guid":{"rendered":"https:\/\/hemplab.ltd\/product-manager\/"},"modified":"2023-01-18T14:12:05","modified_gmt":"2023-01-18T13:12:05","slug":"product-manager","status":"publish","type":"page","link":"https:\/\/hemplab.ltd\/es\/product-manager\/","title":{"rendered":"Product Manager"},"content":{"rendered":"\t\t<div data-elementor-type=\"wp-page\" data-elementor-id=\"10313\" class=\"elementor elementor-10313 elementor-7914\">\n\t\t\t\t\t\t<div class=\"elementor-section elementor-top-section elementor-element elementor-element-367b391 elementor-section-boxed elementor-section-height-default elementor-section-height-default\" data-id=\"367b391\" data-element_type=\"section\">\n\t\t\t\t\t\t<div class=\"elementor-container elementor-column-gap-default\">\n\t\t\t\t\t<div class=\"elementor-column elementor-col-100 elementor-top-column elementor-element elementor-element-448c7be\" data-id=\"448c7be\" data-element_type=\"column\">\n\t\t\t<div class=\"elementor-widget-wrap elementor-element-populated\">\n\t\t\t\t\t\t<div class=\"elementor-element elementor-element-edfb5c6 elementor-widget elementor-widget-spacer\" data-id=\"edfb5c6\" data-element_type=\"widget\" data-widget_type=\"spacer.default\">\n\t\t\t\t<div class=\"elementor-widget-container\">\n\t\t\t<style>\/*! elementor - v3.23.0 - 05-08-2024 *\/\n.elementor-column .elementor-spacer-inner{height:var(--spacer-size)}.e-con{--container-widget-width:100%}.e-con-inner>.elementor-widget-spacer,.e-con>.elementor-widget-spacer{width:var(--container-widget-width,var(--spacer-size));--align-self:var(--container-widget-align-self,initial);--flex-shrink:0}.e-con-inner>.elementor-widget-spacer>.elementor-widget-container,.e-con>.elementor-widget-spacer>.elementor-widget-container{height:100%;width:100%}.e-con-inner>.elementor-widget-spacer>.elementor-widget-container>.elementor-spacer,.e-con>.elementor-widget-spacer>.elementor-widget-container>.elementor-spacer{height:100%}.e-con-inner>.elementor-widget-spacer>.elementor-widget-container>.elementor-spacer>.elementor-spacer-inner,.e-con>.elementor-widget-spacer>.elementor-widget-container>.elementor-spacer>.elementor-spacer-inner{height:var(--container-widget-height,var(--spacer-size))}.e-con-inner>.elementor-widget-spacer.elementor-widget-empty,.e-con>.elementor-widget-spacer.elementor-widget-empty{position:relative;min-height:22px;min-width:22px}.e-con-inner>.elementor-widget-spacer.elementor-widget-empty .elementor-widget-empty-icon,.e-con>.elementor-widget-spacer.elementor-widget-empty .elementor-widget-empty-icon{position:absolute;top:0;bottom:0;left:0;right:0;margin:auto;padding:0;width:22px;height:22px}<\/style>\t\t<div class=\"elementor-spacer\">\n\t\t\t<div class=\"elementor-spacer-inner\"><\/div>\n\t\t<\/div>\n\t\t\t\t<\/div>\n\t\t\t\t<\/div>\n\t\t\t\t<div class=\"elementor-section elementor-inner-section elementor-element elementor-element-6f2ff01 elementor-section-boxed elementor-section-height-default elementor-section-height-default\" data-id=\"6f2ff01\" data-element_type=\"section\">\n\t\t\t\t\t\t<div class=\"elementor-container elementor-column-gap-default\">\n\t\t\t\t\t<div class=\"elementor-column elementor-col-100 elementor-inner-column elementor-element elementor-element-f2fe137\" data-id=\"f2fe137\" data-element_type=\"column\">\n\t\t\t<div class=\"elementor-widget-wrap elementor-element-populated\">\n\t\t\t\t\t\t<div class=\"elementor-element elementor-element-ab8e1f0 elementor-widget elementor-widget-heading\" data-id=\"ab8e1f0\" data-element_type=\"widget\" data-widget_type=\"heading.default\">\n\t\t\t\t<div class=\"elementor-widget-container\">\n\t\t\t<style>\/*! elementor - v3.23.0 - 05-08-2024 *\/\n.elementor-heading-title{padding:0;margin:0;line-height:1}.elementor-widget-heading .elementor-heading-title[class*=elementor-size-]>a{color:inherit;font-size:inherit;line-height:inherit}.elementor-widget-heading .elementor-heading-title.elementor-size-small{font-size:15px}.elementor-widget-heading .elementor-heading-title.elementor-size-medium{font-size:19px}.elementor-widget-heading .elementor-heading-title.elementor-size-large{font-size:29px}.elementor-widget-heading .elementor-heading-title.elementor-size-xl{font-size:39px}.elementor-widget-heading .elementor-heading-title.elementor-size-xxl{font-size:59px}<\/style><h2 class=\"elementor-heading-title elementor-size-default\">Product Manager<\/h2>\t\t<\/div>\n\t\t\t\t<\/div>\n\t\t\t\t<div class=\"elementor-element elementor-element-b838410 elementor-widget elementor-widget-spacer\" data-id=\"b838410\" data-element_type=\"widget\" data-widget_type=\"spacer.default\">\n\t\t\t\t<div class=\"elementor-widget-container\">\n\t\t\t\t\t<div class=\"elementor-spacer\">\n\t\t\t<div class=\"elementor-spacer-inner\"><\/div>\n\t\t<\/div>\n\t\t\t\t<\/div>\n\t\t\t\t<\/div>\n\t\t\t\t<div class=\"elementor-element elementor-element-e39c0a3 elementor-widget elementor-widget-heading\" data-id=\"e39c0a3\" data-element_type=\"widget\" data-widget_type=\"heading.default\">\n\t\t\t\t<div class=\"elementor-widget-container\">\n\t\t\t<h4 class=\"elementor-heading-title elementor-size-default\">\u00bfTiene experiencia en gesti\u00f3n de proyectos\/productos? \u00bfLe gusta trabajar en equipo con un enfoque creativo de las tareas? \u00a1Vale! Buscamos personas ambiciosas, motivadas y creativas para unirse a nuestro equipo. Env\u00eda tu CV o un enlace a tu perfil de Linkedin hoy mismo. \u00a1Te responderemos en un plazo de 3 d\u00edas! <\/h4>\t\t<\/div>\n\t\t\t\t<\/div>\n\t\t\t\t\t<\/div>\n\t\t<\/div>\n\t\t\t\t\t<\/div>\n\t\t<\/div>\n\t\t\t\t\t<\/div>\n\t\t<\/div>\n\t\t\t\t\t<\/div>\n\t\t<\/div>\n\t\t\t\t<div class=\"elementor-section elementor-top-section elementor-element elementor-element-46e890e elementor-section-boxed elementor-section-height-default elementor-section-height-default\" data-id=\"46e890e\" data-element_type=\"section\">\n\t\t\t\t\t\t<div class=\"elementor-container elementor-column-gap-default\">\n\t\t\t\t\t<div class=\"elementor-column elementor-col-100 elementor-top-column elementor-element elementor-element-7593635\" data-id=\"7593635\" data-element_type=\"column\">\n\t\t\t<div class=\"elementor-widget-wrap elementor-element-populated\">\n\t\t\t\t\t\t<div class=\"elementor-section elementor-inner-section elementor-element elementor-element-9090fb3 elementor-section-boxed elementor-section-height-default elementor-section-height-default\" data-id=\"9090fb3\" data-element_type=\"section\">\n\t\t\t\t\t\t<div class=\"elementor-container elementor-column-gap-default\">\n\t\t\t\t\t<div class=\"elementor-column elementor-col-50 elementor-inner-column elementor-element elementor-element-de80bc6\" data-id=\"de80bc6\" data-element_type=\"column\">\n\t\t\t<div class=\"elementor-widget-wrap elementor-element-populated\">\n\t\t\t\t\t\t<div class=\"elementor-element elementor-element-200f401 elementor-widget elementor-widget-heading\" data-id=\"200f401\" data-element_type=\"widget\" data-widget_type=\"heading.default\">\n\t\t\t\t<div class=\"elementor-widget-container\">\n\t\t\t<h2 class=\"elementor-heading-title elementor-size-default\">Expectativas<\/h2>\t\t<\/div>\n\t\t\t\t<\/div>\n\t\t\t\t\t<\/div>\n\t\t<\/div>\n\t\t\t\t<div class=\"elementor-column elementor-col-50 elementor-inner-column elementor-element elementor-element-5168938\" data-id=\"5168938\" data-element_type=\"column\">\n\t\t\t<div class=\"elementor-widget-wrap elementor-element-populated\">\n\t\t\t\t\t\t<div class=\"elementor-element elementor-element-40b4721 elementor-widget elementor-widget-text-editor\" data-id=\"40b4721\" data-element_type=\"widget\" data-widget_type=\"text-editor.default\">\n\t\t\t\t<div class=\"elementor-widget-container\">\n\t\t\t<style>\/*! elementor - v3.23.0 - 05-08-2024 *\/\n.elementor-widget-text-editor.elementor-drop-cap-view-stacked .elementor-drop-cap{background-color:#69727d;color:#fff}.elementor-widget-text-editor.elementor-drop-cap-view-framed .elementor-drop-cap{color:#69727d;border:3px solid;background-color:transparent}.elementor-widget-text-editor:not(.elementor-drop-cap-view-default) .elementor-drop-cap{margin-top:8px}.elementor-widget-text-editor:not(.elementor-drop-cap-view-default) .elementor-drop-cap-letter{width:1em;height:1em}.elementor-widget-text-editor .elementor-drop-cap{float:left;text-align:center;line-height:1;font-size:50px}.elementor-widget-text-editor .elementor-drop-cap-letter{display:inline-block}<\/style>\t\t\t\t<div class=\"elementor-element elementor-element-99045f6 elementor-widget elementor-widget-text-editor\">\n<div class=\"elementor-widget-container\">\n<ul>\n<li>un m\u00ednimo de dos a\u00f1os de experiencia en un puesto similar<\/li>\n<li>pensamiento creativo y anal\u00edtico<\/li>\n<li>capacidad para trabajar en equipo<\/li>\n<li>un alto grado de independencia, capacidad para enfrentarse a problemas complejos, puntualidad y muy buena organizaci\u00f3n de su propio trabajo<\/li>\n<\/ul>\n<\/div>\n<\/div>\n\t\t\t\t\t\t<\/div>\n\t\t\t\t<\/div>\n\t\t\t\t\t<\/div>\n\t\t<\/div>\n\t\t\t\t\t<\/div>\n\t\t<\/div>\n\t\t\t\t<div class=\"elementor-section elementor-inner-section elementor-element elementor-element-bf18c17 elementor-section-boxed elementor-section-height-default elementor-section-height-default\" data-id=\"bf18c17\" data-element_type=\"section\">\n\t\t\t\t\t\t<div class=\"elementor-container elementor-column-gap-default\">\n\t\t\t\t\t<div class=\"elementor-column elementor-col-50 elementor-inner-column elementor-element elementor-element-92b0a4b\" data-id=\"92b0a4b\" data-element_type=\"column\">\n\t\t\t<div class=\"elementor-widget-wrap elementor-element-populated\">\n\t\t\t\t\t\t<div class=\"elementor-element elementor-element-e60feb9 elementor-widget elementor-widget-heading\" data-id=\"e60feb9\" data-element_type=\"widget\" data-widget_type=\"heading.default\">\n\t\t\t\t<div class=\"elementor-widget-container\">\n\t\t\t<h2 class=\"elementor-heading-title elementor-size-default\">Responsabilidades<\/h2>\t\t<\/div>\n\t\t\t\t<\/div>\n\t\t\t\t\t<\/div>\n\t\t<\/div>\n\t\t\t\t<div class=\"elementor-column elementor-col-50 elementor-inner-column elementor-element elementor-element-dc22f15\" data-id=\"dc22f15\" data-element_type=\"column\">\n\t\t\t<div class=\"elementor-widget-wrap elementor-element-populated\">\n\t\t\t\t\t\t<div class=\"elementor-element elementor-element-0755271 elementor-widget elementor-widget-text-editor\" data-id=\"0755271\" data-element_type=\"widget\" data-widget_type=\"text-editor.default\">\n\t\t\t\t<div class=\"elementor-widget-container\">\n\t\t\t\t\t\t\t<div class=\"elementor-element elementor-element-10f7805 elementor-widget elementor-widget-text-editor\"><div class=\"elementor-widget-container\"><ul><li>recopilaci\u00f3n de material de marketing de productos<\/li><li>apoyo a los Key Account Managers<\/li><li>colaborar activamente con otros departamentos de la empresa, incluidos los de marketing y producci\u00f3n<\/li><li>supervisar el desarrollo de la oferta de la empresa <\/li><li>analizar las necesidades del mercado e identificar a los clientes objetivo<\/li><li>seguimiento de eventos relacionados con la industria, apoyo en la preparaci\u00f3n de ferias comerciales<\/li><\/ul><\/div><\/div>\t\t\t\t\t\t<\/div>\n\t\t\t\t<\/div>\n\t\t\t\t\t<\/div>\n\t\t<\/div>\n\t\t\t\t\t<\/div>\n\t\t<\/div>\n\t\t\t\t<div class=\"elementor-section elementor-inner-section elementor-element elementor-element-eeef639 elementor-section-boxed elementor-section-height-default elementor-section-height-default\" data-id=\"eeef639\" data-element_type=\"section\">\n\t\t\t\t\t\t<div class=\"elementor-container elementor-column-gap-default\">\n\t\t\t\t\t<div class=\"elementor-column elementor-col-50 elementor-inner-column elementor-element elementor-element-003a6ab\" data-id=\"003a6ab\" data-element_type=\"column\">\n\t\t\t<div class=\"elementor-widget-wrap elementor-element-populated\">\n\t\t\t\t\t\t<div class=\"elementor-element elementor-element-8d388ec elementor-widget elementor-widget-heading\" data-id=\"8d388ec\" data-element_type=\"widget\" data-widget_type=\"heading.default\">\n\t\t\t\t<div class=\"elementor-widget-container\">\n\t\t\t<h2 class=\"elementor-heading-title elementor-size-default\">Ofrecemos<\/h2>\t\t<\/div>\n\t\t\t\t<\/div>\n\t\t\t\t\t<\/div>\n\t\t<\/div>\n\t\t\t\t<div class=\"elementor-column elementor-col-50 elementor-inner-column elementor-element elementor-element-9c19322\" data-id=\"9c19322\" data-element_type=\"column\">\n\t\t\t<div class=\"elementor-widget-wrap elementor-element-populated\">\n\t\t\t\t\t\t<div class=\"elementor-element elementor-element-67e6a6e elementor-widget elementor-widget-text-editor\" data-id=\"67e6a6e\" data-element_type=\"widget\" data-widget_type=\"text-editor.default\">\n\t\t\t\t<div class=\"elementor-widget-container\">\n\t\t\t\t\t\t\t<div class=\"elementor-element elementor-element-41b7e08 elementor-widget elementor-widget-text-editor\"><div class=\"elementor-widget-container\"><ul><li>elecci\u00f3n flexible de la forma de cooperaci\u00f3n<\/li><li>un sistema de primas<\/li><li>trabajo interesante y estimulante con un impacto real en el puesto y en el departamento<\/li><li>un ambiente fant\u00e1stico y trabajo en un equipo cohesionado<\/li><li>equipo de trabajo de alta calidad (ordenador port\u00e1til, tel\u00e9fono, etc.)<\/li><li>posibilidad de teletrabajo<\/li><\/ul><\/div><\/div>\t\t\t\t\t\t<\/div>\n\t\t\t\t<\/div>\n\t\t\t\t\t<\/div>\n\t\t<\/div>\n\t\t\t\t\t<\/div>\n\t\t<\/div>\n\t\t\t\t<div class=\"elementor-section elementor-inner-section elementor-element elementor-element-8cf919f elementor-section-boxed elementor-section-height-default elementor-section-height-default\" data-id=\"8cf919f\" data-element_type=\"section\">\n\t\t\t\t\t\t<div class=\"elementor-container elementor-column-gap-default\">\n\t\t\t\t\t<div class=\"elementor-column elementor-col-50 elementor-inner-column elementor-element elementor-element-53e1319\" data-id=\"53e1319\" data-element_type=\"column\">\n\t\t\t<div class=\"elementor-widget-wrap elementor-element-populated\">\n\t\t\t\t\t\t<div class=\"elementor-element elementor-element-49b9ff2 elementor-widget elementor-widget-heading\" data-id=\"49b9ff2\" data-element_type=\"widget\" data-widget_type=\"heading.default\">\n\t\t\t\t<div class=\"elementor-widget-container\">\n\t\t\t<h2 class=\"elementor-heading-title elementor-size-default\">\u00danase a nosotros hoy mismo<\/h2>\t\t<\/div>\n\t\t\t\t<\/div>\n\t\t\t\t\t<\/div>\n\t\t<\/div>\n\t\t\t\t<div class=\"elementor-column elementor-col-50 elementor-inner-column elementor-element elementor-element-1f4b340\" data-id=\"1f4b340\" data-element_type=\"column\">\n\t\t\t<div class=\"elementor-widget-wrap elementor-element-populated\">\n\t\t\t\t\t\t<div class=\"elementor-element elementor-element-af0e5ff elementor-widget elementor-widget-text-editor\" data-id=\"af0e5ff\" data-element_type=\"widget\" data-widget_type=\"text-editor.default\">\n\t\t\t\t<div class=\"elementor-widget-container\">\n\t\t\t\t\t\t\t<div class=\"elementor-element elementor-element-b2aea5a elementor-widget elementor-widget-text-editor\"><div class=\"elementor-widget-container\"><ul><li>env\u00ede su CV o enlace de perfil de Linkedin a: <a class=\"moz-txt-link-freetext\" href=\"mailto:kamila@cannabium.pl\">kamila@cannabium.pl<\/a><\/li><li>en el t\u00edtulo del correo electr\u00f3nico, ingrese el nombre de la posici\u00f3n<\/li><li>adjuntar al e-mail y\/o CV las siguientes cl\u00e1usulas: \u00abDoy mi consentimiento para el tratamiento de mis datos personales con fines de contrataci\u00f3n, as\u00ed como para futuras contrataciones, de conformidad con el art\u00edculo 6, apartado 1, letra a), del Reglamento (UE) 2016\/679 del Parlamento Europeo y del Consejo, de 27 de abril de 2016 relativo a la protecci\u00f3n de las personas f\u00edsicas en lo que respecta al tratamiento de datos personales y a la libre circulaci\u00f3n de estos datos y por el que se deroga la Directiva 95\/46\/CE (Reglamento general de protecci\u00f3n de datos).\u00bb<\/li><li>informamos de que nos pondremos en contacto con los candidatos Seleccionedos<\/li><\/ul><\/div><\/div>\t\t\t\t\t\t<\/div>\n\t\t\t\t<\/div>\n\t\t\t\t\t<\/div>\n\t\t<\/div>\n\t\t\t\t\t<\/div>\n\t\t<\/div>\n\t\t\t\t\t<\/div>\n\t\t<\/div>\n\t\t\t\t\t<\/div>\n\t\t<\/div>\n\t\t\t\t<\/div>\n\t\t","protected":false},"excerpt":{"rendered":"<p>Product Manager \u00bfTiene experiencia en gesti\u00f3n de proyectos\/productos? \u00bfLe gusta trabajar en equipo con un enfoque creativo de las tareas? \u00a1Vale! Buscamos personas ambiciosas, motivadas y creativas para unirse a nuestro equipo. Env\u00eda tu CV o un enlace a tu perfil de Linkedin hoy mismo. \u00a1Te responderemos en un plazo de 3 d\u00edas! Expectativas un m\u00ednimo de dos a\u00f1os de\u2026<\/p>\n","protected":false},"author":1,"featured_media":0,"parent":0,"menu_order":0,"comment_status":"closed","ping_status":"closed","template":"","meta":{"om_disable_all_campaigns":false,"footnotes":""},"class_list":["post-10313","page","type-page","status-publish","hentry"],"yoast_head":"<!-- This site is optimized with the Yoast SEO plugin v27.3 - https:\/\/yoast.com\/product\/yoast-seo-wordpress\/ -->\n<title>Product Manager | Hemplab<\/title>\n<meta name=\"robots\" content=\"noindex, nofollow\" \/>\n<meta property=\"og:locale\" content=\"es_ES\" \/>\n<meta property=\"og:type\" content=\"article\" \/>\n<meta property=\"og:title\" content=\"Product Manager | Hemplab\" \/>\n<meta property=\"og:description\" content=\"Product Manager \u00bfTiene experiencia en gesti\u00f3n de proyectos\/productos? \u00bfLe gusta trabajar en equipo con un enfoque creativo de las tareas? \u00a1Vale! Buscamos personas ambiciosas, motivadas y creativas para unirse a nuestro equipo. Env\u00eda tu CV o un enlace a tu perfil de Linkedin hoy mismo. \u00a1Te responderemos en un plazo de 3 d\u00edas! Expectativas un m\u00ednimo de dos a\u00f1os de\u2026\" \/>\n<meta property=\"og:url\" content=\"https:\/\/hemplab.ltd\/es\/product-manager\/\" \/>\n<meta property=\"og:site_name\" content=\"Hemplab\" \/>\n<meta property=\"article:modified_time\" content=\"2023-01-18T13:12:05+00:00\" \/>\n<meta name=\"twitter:card\" content=\"summary_large_image\" \/>\n<meta name=\"twitter:label1\" content=\"Tiempo de lectura\" \/>\n\t<meta name=\"twitter:data1\" content=\"2 minutos\" \/>\n<!-- \/ Yoast SEO plugin. -->","yoast_head_json":{"title":"Product Manager | Hemplab","robots":{"index":"noindex","follow":"nofollow"},"og_locale":"es_ES","og_type":"article","og_title":"Product Manager | Hemplab","og_description":"Product Manager \u00bfTiene experiencia en gesti\u00f3n de proyectos\/productos? \u00bfLe gusta trabajar en equipo con un enfoque creativo de las tareas? \u00a1Vale! Buscamos personas ambiciosas, motivadas y creativas para unirse a nuestro equipo. Env\u00eda tu CV o un enlace a tu perfil de Linkedin hoy mismo. \u00a1Te responderemos en un plazo de 3 d\u00edas! Expectativas un m\u00ednimo de dos a\u00f1os de\u2026","og_url":"https:\/\/hemplab.ltd\/es\/product-manager\/","og_site_name":"Hemplab","article_modified_time":"2023-01-18T13:12:05+00:00","twitter_card":"summary_large_image","twitter_misc":{"Tiempo de lectura":"2 minutos"},"schema":{"@context":"https:\/\/schema.org","@graph":[{"@type":"WebPage","@id":"https:\/\/hemplab.ltd\/es\/product-manager\/","url":"https:\/\/hemplab.ltd\/es\/product-manager\/","name":"Product Manager | Hemplab","isPartOf":{"@id":"https:\/\/hemplab.ltd\/#website"},"datePublished":"2022-11-02T11:50:47+00:00","dateModified":"2023-01-18T13:12:05+00:00","breadcrumb":{"@id":"https:\/\/hemplab.ltd\/es\/product-manager\/#breadcrumb"},"inLanguage":"es","potentialAction":[{"@type":"ReadAction","target":["https:\/\/hemplab.ltd\/es\/product-manager\/"]}]},{"@type":"BreadcrumbList","@id":"https:\/\/hemplab.ltd\/es\/product-manager\/#breadcrumb","itemListElement":[{"@type":"ListItem","position":1,"name":"P\u00e1gina de inicio","item":"https:\/\/hemplab.ltd\/"},{"@type":"ListItem","position":2,"name":"Product Manager"}]},{"@type":"WebSite","@id":"https:\/\/hemplab.ltd\/#website","url":"https:\/\/hemplab.ltd\/","name":"Hemplab","description":"Eksperci biznesu konopnego kt\u00f3rym mo\u017cesz zaufa\u0107.","potentialAction":[{"@type":"SearchAction","target":{"@type":"EntryPoint","urlTemplate":"https:\/\/hemplab.ltd\/?s={search_term_string}"},"query-input":{"@type":"PropertyValueSpecification","valueRequired":true,"valueName":"search_term_string"}}],"inLanguage":"es"}]}},"_links":{"self":[{"href":"https:\/\/hemplab.ltd\/es\/wp-json\/wp\/v2\/pages\/10313","targetHints":{"allow":["GET"]}}],"collection":[{"href":"https:\/\/hemplab.ltd\/es\/wp-json\/wp\/v2\/pages"}],"about":[{"href":"https:\/\/hemplab.ltd\/es\/wp-json\/wp\/v2\/types\/page"}],"author":[{"embeddable":true,"href":"https:\/\/hemplab.ltd\/es\/wp-json\/wp\/v2\/users\/1"}],"replies":[{"embeddable":true,"href":"https:\/\/hemplab.ltd\/es\/wp-json\/wp\/v2\/comments?post=10313"}],"version-history":[{"count":1,"href":"https:\/\/hemplab.ltd\/es\/wp-json\/wp\/v2\/pages\/10313\/revisions"}],"predecessor-version":[{"id":10314,"href":"https:\/\/hemplab.ltd\/es\/wp-json\/wp\/v2\/pages\/10313\/revisions\/10314"}],"wp:attachment":[{"href":"https:\/\/hemplab.ltd\/es\/wp-json\/wp\/v2\/media?parent=10313"}],"curies":[{"name":"wp","href":"https:\/\/api.w.org\/{rel}","templated":true}]}}