{"id":10335,"date":"2022-11-04T14:41:28","date_gmt":"2022-11-04T13:41:28","guid":{"rendered":"https:\/\/hemplab.ltd\/productos-de-canamo-cbd-aceites-chupitos-liquidos-y-pastas\/"},"modified":"2023-01-18T14:30:01","modified_gmt":"2023-01-18T13:30:01","slug":"productos-de-canamo-cbd-aceites-chupitos-liquidos-y-pastas","status":"publish","type":"page","link":"https:\/\/hemplab.ltd\/es\/productos-de-canamo-cbd-aceites-chupitos-liquidos-y-pastas\/","title":{"rendered":"Productos de c\u00e1\u00f1amo CBD &#8211; aceites, chupitos, l\u00edquidos y pastas"},"content":{"rendered":"\t\t<div data-elementor-type=\"wp-page\" data-elementor-id=\"10335\" class=\"elementor elementor-10335 elementor-8118\">\n\t\t\t\t\t\t<div class=\"elementor-section elementor-top-section elementor-element elementor-element-aaac56b elementor-section-boxed elementor-section-height-default elementor-section-height-default\" data-id=\"aaac56b\" data-element_type=\"section\">\n\t\t\t\t\t\t<div class=\"elementor-container elementor-column-gap-default\">\n\t\t\t\t\t<div class=\"elementor-column elementor-col-100 elementor-top-column elementor-element elementor-element-5ea4796\" data-id=\"5ea4796\" data-element_type=\"column\">\n\t\t\t<div class=\"elementor-widget-wrap elementor-element-populated\">\n\t\t\t\t\t\t<div class=\"elementor-element elementor-element-830ff80 elementor-widget elementor-widget-spacer\" data-id=\"830ff80\" data-element_type=\"widget\" data-widget_type=\"spacer.default\">\n\t\t\t\t<div class=\"elementor-widget-container\">\n\t\t\t<style>\/*! elementor - v3.23.0 - 05-08-2024 *\/\n.elementor-column .elementor-spacer-inner{height:var(--spacer-size)}.e-con{--container-widget-width:100%}.e-con-inner>.elementor-widget-spacer,.e-con>.elementor-widget-spacer{width:var(--container-widget-width,var(--spacer-size));--align-self:var(--container-widget-align-self,initial);--flex-shrink:0}.e-con-inner>.elementor-widget-spacer>.elementor-widget-container,.e-con>.elementor-widget-spacer>.elementor-widget-container{height:100%;width:100%}.e-con-inner>.elementor-widget-spacer>.elementor-widget-container>.elementor-spacer,.e-con>.elementor-widget-spacer>.elementor-widget-container>.elementor-spacer{height:100%}.e-con-inner>.elementor-widget-spacer>.elementor-widget-container>.elementor-spacer>.elementor-spacer-inner,.e-con>.elementor-widget-spacer>.elementor-widget-container>.elementor-spacer>.elementor-spacer-inner{height:var(--container-widget-height,var(--spacer-size))}.e-con-inner>.elementor-widget-spacer.elementor-widget-empty,.e-con>.elementor-widget-spacer.elementor-widget-empty{position:relative;min-height:22px;min-width:22px}.e-con-inner>.elementor-widget-spacer.elementor-widget-empty .elementor-widget-empty-icon,.e-con>.elementor-widget-spacer.elementor-widget-empty .elementor-widget-empty-icon{position:absolute;top:0;bottom:0;left:0;right:0;margin:auto;padding:0;width:22px;height:22px}<\/style>\t\t<div class=\"elementor-spacer\">\n\t\t\t<div class=\"elementor-spacer-inner\"><\/div>\n\t\t<\/div>\n\t\t\t\t<\/div>\n\t\t\t\t<\/div>\n\t\t\t\t<div class=\"elementor-element elementor-element-979fcbe elementor-widget elementor-widget-heading\" data-id=\"979fcbe\" data-element_type=\"widget\" data-widget_type=\"heading.default\">\n\t\t\t\t<div class=\"elementor-widget-container\">\n\t\t\t<style>\/*! elementor - v3.23.0 - 05-08-2024 *\/\n.elementor-heading-title{padding:0;margin:0;line-height:1}.elementor-widget-heading .elementor-heading-title[class*=elementor-size-]>a{color:inherit;font-size:inherit;line-height:inherit}.elementor-widget-heading .elementor-heading-title.elementor-size-small{font-size:15px}.elementor-widget-heading .elementor-heading-title.elementor-size-medium{font-size:19px}.elementor-widget-heading .elementor-heading-title.elementor-size-large{font-size:29px}.elementor-widget-heading .elementor-heading-title.elementor-size-xl{font-size:39px}.elementor-widget-heading .elementor-heading-title.elementor-size-xxl{font-size:59px}<\/style><h2 class=\"elementor-heading-title elementor-size-default\">Productos de c\u00e1\u00f1amo CBD - aceites, chupitos, l\u00edquidos <br>y pastas<\/h2>\t\t<\/div>\n\t\t\t\t<\/div>\n\t\t\t\t<div class=\"elementor-element elementor-element-1413f7d elementor-widget elementor-widget-spacer\" data-id=\"1413f7d\" data-element_type=\"widget\" data-widget_type=\"spacer.default\">\n\t\t\t\t<div class=\"elementor-widget-container\">\n\t\t\t\t\t<div class=\"elementor-spacer\">\n\t\t\t<div class=\"elementor-spacer-inner\"><\/div>\n\t\t<\/div>\n\t\t\t\t<\/div>\n\t\t\t\t<\/div>\n\t\t\t\t<div class=\"elementor-section elementor-inner-section elementor-element elementor-element-180bac5 elementor-section-boxed elementor-section-height-default elementor-section-height-default\" data-id=\"180bac5\" data-element_type=\"section\">\n\t\t\t\t\t\t<div class=\"elementor-container elementor-column-gap-default\">\n\t\t\t\t\t<div class=\"elementor-column elementor-col-100 elementor-inner-column elementor-element elementor-element-6901cc3\" data-id=\"6901cc3\" data-element_type=\"column\">\n\t\t\t<div class=\"elementor-widget-wrap elementor-element-populated\">\n\t\t\t\t\t\t<div class=\"elementor-element elementor-element-d6bdcd5 elementor-widget elementor-widget-text-editor\" data-id=\"d6bdcd5\" data-element_type=\"widget\" data-widget_type=\"text-editor.default\">\n\t\t\t\t<div class=\"elementor-widget-container\">\n\t\t\t<style>\/*! elementor - v3.23.0 - 05-08-2024 *\/\n.elementor-widget-text-editor.elementor-drop-cap-view-stacked .elementor-drop-cap{background-color:#69727d;color:#fff}.elementor-widget-text-editor.elementor-drop-cap-view-framed .elementor-drop-cap{color:#69727d;border:3px solid;background-color:transparent}.elementor-widget-text-editor:not(.elementor-drop-cap-view-default) .elementor-drop-cap{margin-top:8px}.elementor-widget-text-editor:not(.elementor-drop-cap-view-default) .elementor-drop-cap-letter{width:1em;height:1em}.elementor-widget-text-editor .elementor-drop-cap{float:left;text-align:center;line-height:1;font-size:50px}.elementor-widget-text-editor .elementor-drop-cap-letter{display:inline-block}<\/style>\t\t\t\tLos or\u00edgenes de la empresa son principalmente productos derivados del c\u00e1\u00f1amo, como aceites de CBD, pastas, shots o CBD \nmicelizado en forma l\u00edquida o en polvo, listos para su uso en productos alimenticios o \ncosm\u00e9ticos. Tenemos nuestro propio cultivo de c\u00e1\u00f1amo fibroso (Canabis sativa L.) en \nla regi\u00f3n de Lublin. Al conozcar el producto desde la semilla hasta el producto final, podemos dar fe de su calidad y seguridad. \t\t\t\t\t\t<\/div>\n\t\t\t\t<\/div>\n\t\t\t\t\t<\/div>\n\t\t<\/div>\n\t\t\t\t\t<\/div>\n\t\t<\/div>\n\t\t\t\t\t<\/div>\n\t\t<\/div>\n\t\t\t\t\t<\/div>\n\t\t<\/div>\n\t\t\t\t<\/div>\n\t\t","protected":false},"excerpt":{"rendered":"<p>Productos de c\u00e1\u00f1amo CBD &#8211; aceites, chupitos, l\u00edquidos y pastas Los or\u00edgenes de la empresa son principalmente productos derivados del c\u00e1\u00f1amo, como aceites de CBD, pastas, shots o CBD micelizado en forma l\u00edquida o en polvo, listos para su uso en productos alimenticios o cosm\u00e9ticos. Tenemos nuestro propio cultivo de c\u00e1\u00f1amo fibroso (Canabis sativa L.) en la regi\u00f3n de Lublin.\u2026<\/p>\n","protected":false},"author":1,"featured_media":0,"parent":0,"menu_order":0,"comment_status":"closed","ping_status":"closed","template":"","meta":{"om_disable_all_campaigns":false,"footnotes":""},"class_list":["post-10335","page","type-page","status-publish","hentry"],"yoast_head":"<!-- This site is optimized with the Yoast SEO plugin v27.3 - https:\/\/yoast.com\/product\/yoast-seo-wordpress\/ -->\n<title>Productos de c\u00e1\u00f1amo CBD - aceites, chupitos, l\u00edquidos y pastas | Hemplab<\/title>\n<meta name=\"description\" content=\"En nuestro laboratorio elaboramos productos de c\u00e1\u00f1amo listos para su uso en cosm\u00e9tica y alimentaci\u00f3n. \u00a1Consulta nuestras propuestas hoy mismo!\" \/>\n<meta name=\"robots\" content=\"index, follow, max-snippet:-1, max-image-preview:large, max-video-preview:-1\" \/>\n<link rel=\"canonical\" href=\"https:\/\/hemplab.ltd\/es\/productos-de-canamo-cbd-aceites-chupitos-liquidos-y-pastas\/\" \/>\n<meta property=\"og:locale\" content=\"es_ES\" \/>\n<meta property=\"og:type\" content=\"article\" \/>\n<meta property=\"og:title\" content=\"Productos de c\u00e1\u00f1amo CBD - aceites, chupitos, l\u00edquidos y pastas | Hemplab\" \/>\n<meta property=\"og:description\" content=\"En nuestro laboratorio elaboramos productos de c\u00e1\u00f1amo listos para su uso en cosm\u00e9tica y alimentaci\u00f3n. \u00a1Consulta nuestras propuestas hoy mismo!\" \/>\n<meta property=\"og:url\" content=\"https:\/\/hemplab.ltd\/es\/productos-de-canamo-cbd-aceites-chupitos-liquidos-y-pastas\/\" \/>\n<meta property=\"og:site_name\" content=\"Hemplab\" \/>\n<meta property=\"article:modified_time\" content=\"2023-01-18T13:30:01+00:00\" \/>\n<meta name=\"twitter:card\" content=\"summary_large_image\" \/>\n<!-- \/ Yoast SEO plugin. -->","yoast_head_json":{"title":"Productos de c\u00e1\u00f1amo CBD - aceites, chupitos, l\u00edquidos y pastas | Hemplab","description":"En nuestro laboratorio elaboramos productos de c\u00e1\u00f1amo listos para su uso en cosm\u00e9tica y alimentaci\u00f3n. \u00a1Consulta nuestras propuestas hoy mismo!","robots":{"index":"index","follow":"follow","max-snippet":"max-snippet:-1","max-image-preview":"max-image-preview:large","max-video-preview":"max-video-preview:-1"},"canonical":"https:\/\/hemplab.ltd\/es\/productos-de-canamo-cbd-aceites-chupitos-liquidos-y-pastas\/","og_locale":"es_ES","og_type":"article","og_title":"Productos de c\u00e1\u00f1amo CBD - aceites, chupitos, l\u00edquidos y pastas | Hemplab","og_description":"En nuestro laboratorio elaboramos productos de c\u00e1\u00f1amo listos para su uso en cosm\u00e9tica y alimentaci\u00f3n. \u00a1Consulta nuestras propuestas hoy mismo!","og_url":"https:\/\/hemplab.ltd\/es\/productos-de-canamo-cbd-aceites-chupitos-liquidos-y-pastas\/","og_site_name":"Hemplab","article_modified_time":"2023-01-18T13:30:01+00:00","twitter_card":"summary_large_image","schema":{"@context":"https:\/\/schema.org","@graph":[{"@type":"WebPage","@id":"https:\/\/hemplab.ltd\/es\/productos-de-canamo-cbd-aceites-chupitos-liquidos-y-pastas\/","url":"https:\/\/hemplab.ltd\/es\/productos-de-canamo-cbd-aceites-chupitos-liquidos-y-pastas\/","name":"Productos de c\u00e1\u00f1amo CBD - aceites, chupitos, l\u00edquidos y pastas | Hemplab","isPartOf":{"@id":"https:\/\/hemplab.ltd\/#website"},"datePublished":"2022-11-04T13:41:28+00:00","dateModified":"2023-01-18T13:30:01+00:00","description":"En nuestro laboratorio elaboramos productos de c\u00e1\u00f1amo listos para su uso en cosm\u00e9tica y alimentaci\u00f3n. \u00a1Consulta nuestras propuestas hoy mismo!","breadcrumb":{"@id":"https:\/\/hemplab.ltd\/es\/productos-de-canamo-cbd-aceites-chupitos-liquidos-y-pastas\/#breadcrumb"},"inLanguage":"es","potentialAction":[{"@type":"ReadAction","target":["https:\/\/hemplab.ltd\/es\/productos-de-canamo-cbd-aceites-chupitos-liquidos-y-pastas\/"]}]},{"@type":"BreadcrumbList","@id":"https:\/\/hemplab.ltd\/es\/productos-de-canamo-cbd-aceites-chupitos-liquidos-y-pastas\/#breadcrumb","itemListElement":[{"@type":"ListItem","position":1,"name":"P\u00e1gina de inicio","item":"https:\/\/hemplab.ltd\/"},{"@type":"ListItem","position":2,"name":"Productos de c\u00e1\u00f1amo CBD &#8211; aceites, chupitos, l\u00edquidos y pastas"}]},{"@type":"WebSite","@id":"https:\/\/hemplab.ltd\/#website","url":"https:\/\/hemplab.ltd\/","name":"Hemplab","description":"Eksperci biznesu konopnego kt\u00f3rym mo\u017cesz zaufa\u0107.","potentialAction":[{"@type":"SearchAction","target":{"@type":"EntryPoint","urlTemplate":"https:\/\/hemplab.ltd\/?s={search_term_string}"},"query-input":{"@type":"PropertyValueSpecification","valueRequired":true,"valueName":"search_term_string"}}],"inLanguage":"es"}]}},"_links":{"self":[{"href":"https:\/\/hemplab.ltd\/es\/wp-json\/wp\/v2\/pages\/10335","targetHints":{"allow":["GET"]}}],"collection":[{"href":"https:\/\/hemplab.ltd\/es\/wp-json\/wp\/v2\/pages"}],"about":[{"href":"https:\/\/hemplab.ltd\/es\/wp-json\/wp\/v2\/types\/page"}],"author":[{"embeddable":true,"href":"https:\/\/hemplab.ltd\/es\/wp-json\/wp\/v2\/users\/1"}],"replies":[{"embeddable":true,"href":"https:\/\/hemplab.ltd\/es\/wp-json\/wp\/v2\/comments?post=10335"}],"version-history":[{"count":1,"href":"https:\/\/hemplab.ltd\/es\/wp-json\/wp\/v2\/pages\/10335\/revisions"}],"predecessor-version":[{"id":10336,"href":"https:\/\/hemplab.ltd\/es\/wp-json\/wp\/v2\/pages\/10335\/revisions\/10336"}],"wp:attachment":[{"href":"https:\/\/hemplab.ltd\/es\/wp-json\/wp\/v2\/media?parent=10335"}],"curies":[{"name":"wp","href":"https:\/\/api.w.org\/{rel}","templated":true}]}}