{"id":10341,"date":"2022-11-04T14:52:52","date_gmt":"2022-11-04T13:52:52","guid":{"rendered":"https:\/\/hemplab.ltd\/capsulas-blandas-de-tipo-softgel\/"},"modified":"2023-01-18T14:35:55","modified_gmt":"2023-01-18T13:35:55","slug":"capsulas-blandas-de-tipo-softgel","status":"publish","type":"page","link":"https:\/\/hemplab.ltd\/es\/capsulas-blandas-de-tipo-softgel\/","title":{"rendered":"C\u00e1psulas blandas de tipo softgel"},"content":{"rendered":"\t\t<div data-elementor-type=\"wp-page\" data-elementor-id=\"10341\" class=\"elementor elementor-10341 elementor-8139\">\n\t\t\t\t\t\t<div class=\"elementor-section elementor-top-section elementor-element elementor-element-708cbaa elementor-section-boxed elementor-section-height-default elementor-section-height-default\" data-id=\"708cbaa\" data-element_type=\"section\">\n\t\t\t\t\t\t<div class=\"elementor-container elementor-column-gap-default\">\n\t\t\t\t\t<div class=\"elementor-column elementor-col-100 elementor-top-column elementor-element elementor-element-cde9681\" data-id=\"cde9681\" data-element_type=\"column\">\n\t\t\t<div class=\"elementor-widget-wrap elementor-element-populated\">\n\t\t\t\t\t\t<div class=\"elementor-element elementor-element-09493c6 elementor-widget elementor-widget-spacer\" data-id=\"09493c6\" data-element_type=\"widget\" data-widget_type=\"spacer.default\">\n\t\t\t\t<div class=\"elementor-widget-container\">\n\t\t\t<style>\/*! elementor - v3.23.0 - 05-08-2024 *\/\n.elementor-column .elementor-spacer-inner{height:var(--spacer-size)}.e-con{--container-widget-width:100%}.e-con-inner>.elementor-widget-spacer,.e-con>.elementor-widget-spacer{width:var(--container-widget-width,var(--spacer-size));--align-self:var(--container-widget-align-self,initial);--flex-shrink:0}.e-con-inner>.elementor-widget-spacer>.elementor-widget-container,.e-con>.elementor-widget-spacer>.elementor-widget-container{height:100%;width:100%}.e-con-inner>.elementor-widget-spacer>.elementor-widget-container>.elementor-spacer,.e-con>.elementor-widget-spacer>.elementor-widget-container>.elementor-spacer{height:100%}.e-con-inner>.elementor-widget-spacer>.elementor-widget-container>.elementor-spacer>.elementor-spacer-inner,.e-con>.elementor-widget-spacer>.elementor-widget-container>.elementor-spacer>.elementor-spacer-inner{height:var(--container-widget-height,var(--spacer-size))}.e-con-inner>.elementor-widget-spacer.elementor-widget-empty,.e-con>.elementor-widget-spacer.elementor-widget-empty{position:relative;min-height:22px;min-width:22px}.e-con-inner>.elementor-widget-spacer.elementor-widget-empty .elementor-widget-empty-icon,.e-con>.elementor-widget-spacer.elementor-widget-empty .elementor-widget-empty-icon{position:absolute;top:0;bottom:0;left:0;right:0;margin:auto;padding:0;width:22px;height:22px}<\/style>\t\t<div class=\"elementor-spacer\">\n\t\t\t<div class=\"elementor-spacer-inner\"><\/div>\n\t\t<\/div>\n\t\t\t\t<\/div>\n\t\t\t\t<\/div>\n\t\t\t\t<div class=\"elementor-element elementor-element-c7777dc elementor-widget elementor-widget-heading\" data-id=\"c7777dc\" data-element_type=\"widget\" data-widget_type=\"heading.default\">\n\t\t\t\t<div class=\"elementor-widget-container\">\n\t\t\t<style>\/*! elementor - v3.23.0 - 05-08-2024 *\/\n.elementor-heading-title{padding:0;margin:0;line-height:1}.elementor-widget-heading .elementor-heading-title[class*=elementor-size-]>a{color:inherit;font-size:inherit;line-height:inherit}.elementor-widget-heading .elementor-heading-title.elementor-size-small{font-size:15px}.elementor-widget-heading .elementor-heading-title.elementor-size-medium{font-size:19px}.elementor-widget-heading .elementor-heading-title.elementor-size-large{font-size:29px}.elementor-widget-heading .elementor-heading-title.elementor-size-xl{font-size:39px}.elementor-widget-heading .elementor-heading-title.elementor-size-xxl{font-size:59px}<\/style><h2 class=\"elementor-heading-title elementor-size-default\">C\u00e1psulas blandas de tipo softgel<\/h2>\t\t<\/div>\n\t\t\t\t<\/div>\n\t\t\t\t<div class=\"elementor-element elementor-element-901f2f2 elementor-widget elementor-widget-spacer\" data-id=\"901f2f2\" data-element_type=\"widget\" data-widget_type=\"spacer.default\">\n\t\t\t\t<div class=\"elementor-widget-container\">\n\t\t\t\t\t<div class=\"elementor-spacer\">\n\t\t\t<div class=\"elementor-spacer-inner\"><\/div>\n\t\t<\/div>\n\t\t\t\t<\/div>\n\t\t\t\t<\/div>\n\t\t\t\t<div class=\"elementor-section elementor-inner-section elementor-element elementor-element-51e080a elementor-section-boxed elementor-section-height-default elementor-section-height-default\" data-id=\"51e080a\" data-element_type=\"section\">\n\t\t\t\t\t\t<div class=\"elementor-container elementor-column-gap-default\">\n\t\t\t\t\t<div class=\"elementor-column elementor-col-100 elementor-inner-column elementor-element elementor-element-e535ecf\" data-id=\"e535ecf\" data-element_type=\"column\">\n\t\t\t<div class=\"elementor-widget-wrap elementor-element-populated\">\n\t\t\t\t\t\t<div class=\"elementor-element elementor-element-fc15932 elementor-widget elementor-widget-text-editor\" data-id=\"fc15932\" data-element_type=\"widget\" data-widget_type=\"text-editor.default\">\n\t\t\t\t<div class=\"elementor-widget-container\">\n\t\t\t<style>\/*! elementor - v3.23.0 - 05-08-2024 *\/\n.elementor-widget-text-editor.elementor-drop-cap-view-stacked .elementor-drop-cap{background-color:#69727d;color:#fff}.elementor-widget-text-editor.elementor-drop-cap-view-framed .elementor-drop-cap{color:#69727d;border:3px solid;background-color:transparent}.elementor-widget-text-editor:not(.elementor-drop-cap-view-default) .elementor-drop-cap{margin-top:8px}.elementor-widget-text-editor:not(.elementor-drop-cap-view-default) .elementor-drop-cap-letter{width:1em;height:1em}.elementor-widget-text-editor .elementor-drop-cap{float:left;text-align:center;line-height:1;font-size:50px}.elementor-widget-text-editor .elementor-drop-cap-letter{display:inline-block}<\/style>\t\t\t\tLas c\u00e1psulas softgel son una forma c\u00f3moda de ingerir sustancias activas\nliposolubles. La encapsulaci\u00f3n de aceites funcionales facilita\nla dosificaci\u00f3n del producto y ofrece la posibilidad de utilizar valiosas materias primas con olores problem\u00e1ticos, \ncomo los aceites de pescado. La forma de c\u00e1psula blanda \npermite a\u00f1adir diversos principios activos. \nLa composici\u00f3n de las c\u00e1psulas puede desarrollarse en formulaciones individuales. Las c\u00e1psulas softgel \ngarantizan una elevada biodisponibilidad. \t\t\t\t\t\t<\/div>\n\t\t\t\t<\/div>\n\t\t\t\t\t<\/div>\n\t\t<\/div>\n\t\t\t\t\t<\/div>\n\t\t<\/div>\n\t\t\t\t\t<\/div>\n\t\t<\/div>\n\t\t\t\t\t<\/div>\n\t\t<\/div>\n\t\t\t\t<\/div>\n\t\t","protected":false},"excerpt":{"rendered":"<p>C\u00e1psulas blandas de tipo softgel Las c\u00e1psulas softgel son una forma c\u00f3moda de ingerir sustancias activas liposolubles. La encapsulaci\u00f3n de aceites funcionales facilita la dosificaci\u00f3n del producto y ofrece la posibilidad de utilizar valiosas materias primas con olores problem\u00e1ticos, como los aceites de pescado. La forma de c\u00e1psula blanda permite a\u00f1adir diversos principios activos. La composici\u00f3n de las c\u00e1psulas puede\u2026<\/p>\n","protected":false},"author":1,"featured_media":0,"parent":0,"menu_order":0,"comment_status":"closed","ping_status":"closed","template":"","meta":{"om_disable_all_campaigns":false,"footnotes":""},"class_list":["post-10341","page","type-page","status-publish","hentry"],"yoast_head":"<!-- This site is optimized with the Yoast SEO plugin v27.3 - https:\/\/yoast.com\/product\/yoast-seo-wordpress\/ -->\n<title>C\u00e1psulas blandas de tipo softgel | Hemplab<\/title>\n<meta name=\"description\" content=\"\u00bfPiensas crear tu propia marca de suplementos diet\u00e9ticos en forma de c\u00e1psulas blandas? \u00a1Aprovecha las ventajas de la fabricaci\u00f3n por contrato en Hemplab!\" \/>\n<meta name=\"robots\" content=\"index, follow, max-snippet:-1, max-image-preview:large, max-video-preview:-1\" \/>\n<link rel=\"canonical\" href=\"https:\/\/hemplab.ltd\/es\/capsulas-blandas-de-tipo-softgel\/\" \/>\n<meta property=\"og:locale\" content=\"es_ES\" \/>\n<meta property=\"og:type\" content=\"article\" \/>\n<meta property=\"og:title\" content=\"C\u00e1psulas blandas de tipo softgel | Hemplab\" \/>\n<meta property=\"og:description\" content=\"\u00bfPiensas crear tu propia marca de suplementos diet\u00e9ticos en forma de c\u00e1psulas blandas? \u00a1Aprovecha las ventajas de la fabricaci\u00f3n por contrato en Hemplab!\" \/>\n<meta property=\"og:url\" content=\"https:\/\/hemplab.ltd\/es\/capsulas-blandas-de-tipo-softgel\/\" \/>\n<meta property=\"og:site_name\" content=\"Hemplab\" \/>\n<meta property=\"article:modified_time\" content=\"2023-01-18T13:35:55+00:00\" \/>\n<meta name=\"twitter:card\" content=\"summary_large_image\" \/>\n<!-- \/ Yoast SEO plugin. -->","yoast_head_json":{"title":"C\u00e1psulas blandas de tipo softgel | Hemplab","description":"\u00bfPiensas crear tu propia marca de suplementos diet\u00e9ticos en forma de c\u00e1psulas blandas? \u00a1Aprovecha las ventajas de la fabricaci\u00f3n por contrato en Hemplab!","robots":{"index":"index","follow":"follow","max-snippet":"max-snippet:-1","max-image-preview":"max-image-preview:large","max-video-preview":"max-video-preview:-1"},"canonical":"https:\/\/hemplab.ltd\/es\/capsulas-blandas-de-tipo-softgel\/","og_locale":"es_ES","og_type":"article","og_title":"C\u00e1psulas blandas de tipo softgel | Hemplab","og_description":"\u00bfPiensas crear tu propia marca de suplementos diet\u00e9ticos en forma de c\u00e1psulas blandas? \u00a1Aprovecha las ventajas de la fabricaci\u00f3n por contrato en Hemplab!","og_url":"https:\/\/hemplab.ltd\/es\/capsulas-blandas-de-tipo-softgel\/","og_site_name":"Hemplab","article_modified_time":"2023-01-18T13:35:55+00:00","twitter_card":"summary_large_image","schema":{"@context":"https:\/\/schema.org","@graph":[{"@type":"WebPage","@id":"https:\/\/hemplab.ltd\/es\/capsulas-blandas-de-tipo-softgel\/","url":"https:\/\/hemplab.ltd\/es\/capsulas-blandas-de-tipo-softgel\/","name":"C\u00e1psulas blandas de tipo softgel | Hemplab","isPartOf":{"@id":"https:\/\/hemplab.ltd\/#website"},"datePublished":"2022-11-04T13:52:52+00:00","dateModified":"2023-01-18T13:35:55+00:00","description":"\u00bfPiensas crear tu propia marca de suplementos diet\u00e9ticos en forma de c\u00e1psulas blandas? \u00a1Aprovecha las ventajas de la fabricaci\u00f3n por contrato en Hemplab!","breadcrumb":{"@id":"https:\/\/hemplab.ltd\/es\/capsulas-blandas-de-tipo-softgel\/#breadcrumb"},"inLanguage":"es","potentialAction":[{"@type":"ReadAction","target":["https:\/\/hemplab.ltd\/es\/capsulas-blandas-de-tipo-softgel\/"]}]},{"@type":"BreadcrumbList","@id":"https:\/\/hemplab.ltd\/es\/capsulas-blandas-de-tipo-softgel\/#breadcrumb","itemListElement":[{"@type":"ListItem","position":1,"name":"P\u00e1gina de inicio","item":"https:\/\/hemplab.ltd\/"},{"@type":"ListItem","position":2,"name":"C\u00e1psulas blandas de tipo softgel"}]},{"@type":"WebSite","@id":"https:\/\/hemplab.ltd\/#website","url":"https:\/\/hemplab.ltd\/","name":"Hemplab","description":"Eksperci biznesu konopnego kt\u00f3rym mo\u017cesz zaufa\u0107.","potentialAction":[{"@type":"SearchAction","target":{"@type":"EntryPoint","urlTemplate":"https:\/\/hemplab.ltd\/?s={search_term_string}"},"query-input":{"@type":"PropertyValueSpecification","valueRequired":true,"valueName":"search_term_string"}}],"inLanguage":"es"}]}},"_links":{"self":[{"href":"https:\/\/hemplab.ltd\/es\/wp-json\/wp\/v2\/pages\/10341","targetHints":{"allow":["GET"]}}],"collection":[{"href":"https:\/\/hemplab.ltd\/es\/wp-json\/wp\/v2\/pages"}],"about":[{"href":"https:\/\/hemplab.ltd\/es\/wp-json\/wp\/v2\/types\/page"}],"author":[{"embeddable":true,"href":"https:\/\/hemplab.ltd\/es\/wp-json\/wp\/v2\/users\/1"}],"replies":[{"embeddable":true,"href":"https:\/\/hemplab.ltd\/es\/wp-json\/wp\/v2\/comments?post=10341"}],"version-history":[{"count":1,"href":"https:\/\/hemplab.ltd\/es\/wp-json\/wp\/v2\/pages\/10341\/revisions"}],"predecessor-version":[{"id":10342,"href":"https:\/\/hemplab.ltd\/es\/wp-json\/wp\/v2\/pages\/10341\/revisions\/10342"}],"wp:attachment":[{"href":"https:\/\/hemplab.ltd\/es\/wp-json\/wp\/v2\/media?parent=10341"}],"curies":[{"name":"wp","href":"https:\/\/api.w.org\/{rel}","templated":true}]}}