{"id":10345,"date":"2022-11-04T14:57:35","date_gmt":"2022-11-04T13:57:35","guid":{"rendered":"https:\/\/hemplab.ltd\/produccion-de-aceites-esenciales-a-partir-de-plantas-frescas-y-secas\/"},"modified":"2023-01-18T14:39:09","modified_gmt":"2023-01-18T13:39:09","slug":"produccion-de-aceites-esenciales-a-partir-de-plantas-frescas-y-secas","status":"publish","type":"page","link":"https:\/\/hemplab.ltd\/es\/produccion-de-aceites-esenciales-a-partir-de-plantas-frescas-y-secas\/","title":{"rendered":"Producci\u00f3n de aceites esenciales a partir de plantas frescas y secas"},"content":{"rendered":"\t\t<div data-elementor-type=\"wp-page\" data-elementor-id=\"10345\" class=\"elementor elementor-10345 elementor-8150\">\n\t\t\t\t\t\t<div class=\"elementor-section elementor-top-section elementor-element elementor-element-708cbaa elementor-section-boxed elementor-section-height-default elementor-section-height-default\" data-id=\"708cbaa\" data-element_type=\"section\">\n\t\t\t\t\t\t<div class=\"elementor-container elementor-column-gap-default\">\n\t\t\t\t\t<div class=\"elementor-column elementor-col-100 elementor-top-column elementor-element elementor-element-cde9681\" data-id=\"cde9681\" data-element_type=\"column\">\n\t\t\t<div class=\"elementor-widget-wrap elementor-element-populated\">\n\t\t\t\t\t\t<div class=\"elementor-element elementor-element-09493c6 elementor-widget elementor-widget-spacer\" data-id=\"09493c6\" data-element_type=\"widget\" data-widget_type=\"spacer.default\">\n\t\t\t\t<div class=\"elementor-widget-container\">\n\t\t\t<style>\/*! elementor - v3.23.0 - 05-08-2024 *\/\n.elementor-column .elementor-spacer-inner{height:var(--spacer-size)}.e-con{--container-widget-width:100%}.e-con-inner>.elementor-widget-spacer,.e-con>.elementor-widget-spacer{width:var(--container-widget-width,var(--spacer-size));--align-self:var(--container-widget-align-self,initial);--flex-shrink:0}.e-con-inner>.elementor-widget-spacer>.elementor-widget-container,.e-con>.elementor-widget-spacer>.elementor-widget-container{height:100%;width:100%}.e-con-inner>.elementor-widget-spacer>.elementor-widget-container>.elementor-spacer,.e-con>.elementor-widget-spacer>.elementor-widget-container>.elementor-spacer{height:100%}.e-con-inner>.elementor-widget-spacer>.elementor-widget-container>.elementor-spacer>.elementor-spacer-inner,.e-con>.elementor-widget-spacer>.elementor-widget-container>.elementor-spacer>.elementor-spacer-inner{height:var(--container-widget-height,var(--spacer-size))}.e-con-inner>.elementor-widget-spacer.elementor-widget-empty,.e-con>.elementor-widget-spacer.elementor-widget-empty{position:relative;min-height:22px;min-width:22px}.e-con-inner>.elementor-widget-spacer.elementor-widget-empty .elementor-widget-empty-icon,.e-con>.elementor-widget-spacer.elementor-widget-empty .elementor-widget-empty-icon{position:absolute;top:0;bottom:0;left:0;right:0;margin:auto;padding:0;width:22px;height:22px}<\/style>\t\t<div class=\"elementor-spacer\">\n\t\t\t<div class=\"elementor-spacer-inner\"><\/div>\n\t\t<\/div>\n\t\t\t\t<\/div>\n\t\t\t\t<\/div>\n\t\t\t\t<div class=\"elementor-element elementor-element-c7777dc elementor-widget elementor-widget-heading\" data-id=\"c7777dc\" data-element_type=\"widget\" data-widget_type=\"heading.default\">\n\t\t\t\t<div class=\"elementor-widget-container\">\n\t\t\t<style>\/*! elementor - v3.23.0 - 05-08-2024 *\/\n.elementor-heading-title{padding:0;margin:0;line-height:1}.elementor-widget-heading .elementor-heading-title[class*=elementor-size-]>a{color:inherit;font-size:inherit;line-height:inherit}.elementor-widget-heading .elementor-heading-title.elementor-size-small{font-size:15px}.elementor-widget-heading .elementor-heading-title.elementor-size-medium{font-size:19px}.elementor-widget-heading .elementor-heading-title.elementor-size-large{font-size:29px}.elementor-widget-heading .elementor-heading-title.elementor-size-xl{font-size:39px}.elementor-widget-heading .elementor-heading-title.elementor-size-xxl{font-size:59px}<\/style><h2 class=\"elementor-heading-title elementor-size-default\">Producci\u00f3n de aceites esenciales a partir de plantas frescas y secas<\/h2>\t\t<\/div>\n\t\t\t\t<\/div>\n\t\t\t\t<div class=\"elementor-element elementor-element-901f2f2 elementor-widget elementor-widget-spacer\" data-id=\"901f2f2\" data-element_type=\"widget\" data-widget_type=\"spacer.default\">\n\t\t\t\t<div class=\"elementor-widget-container\">\n\t\t\t\t\t<div class=\"elementor-spacer\">\n\t\t\t<div class=\"elementor-spacer-inner\"><\/div>\n\t\t<\/div>\n\t\t\t\t<\/div>\n\t\t\t\t<\/div>\n\t\t\t\t<div class=\"elementor-section elementor-inner-section elementor-element elementor-element-51e080a elementor-section-boxed elementor-section-height-default elementor-section-height-default\" data-id=\"51e080a\" data-element_type=\"section\">\n\t\t\t\t\t\t<div class=\"elementor-container elementor-column-gap-default\">\n\t\t\t\t\t<div class=\"elementor-column elementor-col-100 elementor-inner-column elementor-element elementor-element-e535ecf\" data-id=\"e535ecf\" data-element_type=\"column\">\n\t\t\t<div class=\"elementor-widget-wrap elementor-element-populated\">\n\t\t\t\t\t\t<div class=\"elementor-element elementor-element-fc15932 elementor-widget elementor-widget-text-editor\" data-id=\"fc15932\" data-element_type=\"widget\" data-widget_type=\"text-editor.default\">\n\t\t\t\t<div class=\"elementor-widget-container\">\n\t\t\t<style>\/*! elementor - v3.23.0 - 05-08-2024 *\/\n.elementor-widget-text-editor.elementor-drop-cap-view-stacked .elementor-drop-cap{background-color:#69727d;color:#fff}.elementor-widget-text-editor.elementor-drop-cap-view-framed .elementor-drop-cap{color:#69727d;border:3px solid;background-color:transparent}.elementor-widget-text-editor:not(.elementor-drop-cap-view-default) .elementor-drop-cap{margin-top:8px}.elementor-widget-text-editor:not(.elementor-drop-cap-view-default) .elementor-drop-cap-letter{width:1em;height:1em}.elementor-widget-text-editor .elementor-drop-cap{float:left;text-align:center;line-height:1;font-size:50px}.elementor-widget-text-editor .elementor-drop-cap-letter{display:inline-block}<\/style>\t\t\t\tProducimos extractos l\u00edquidos de plantas a partir de materias primas individuales, as\u00ed como de sus mezclas. En nuestra oferta encontrar\u00e1 extractos de plantas frescas, plantas secas y otras materias primas ecol\u00f3gicas. En funci\u00f3n del contenido de compuestos bioactivos y del uso previsto, los extractos pueden prepararse sobre distintas bases y variar en consistencia.\nLos aceites esenciales se extraen de plantas Seleccionedas mediante m\u00e9todos de destilaci\u00f3n o extracci\u00f3n. Los aceites esenciales naturales se Utilicen ampliamente en muchos \u00e1mbitos de la vida y la industria. Nuestras f\u00f3rmulas han sido desarrolladas por un equipo de especialistas experimentados. Siempre actuamos de conformidad con la normativa y los reglamentos vigentes.\t\t\t\t\t\t<\/div>\n\t\t\t\t<\/div>\n\t\t\t\t\t<\/div>\n\t\t<\/div>\n\t\t\t\t\t<\/div>\n\t\t<\/div>\n\t\t\t\t\t<\/div>\n\t\t<\/div>\n\t\t\t\t\t<\/div>\n\t\t<\/div>\n\t\t\t\t<\/div>\n\t\t","protected":false},"excerpt":{"rendered":"<p>Producci\u00f3n de aceites esenciales a partir de plantas frescas y secas Producimos extractos l\u00edquidos de plantas a partir de materias primas individuales, as\u00ed como de sus mezclas. En nuestra oferta encontrar\u00e1 extractos de plantas frescas, plantas secas y otras materias primas ecol\u00f3gicas. En funci\u00f3n del contenido de compuestos bioactivos y del uso previsto, los extractos pueden prepararse sobre distintas bases\u2026<\/p>\n","protected":false},"author":1,"featured_media":0,"parent":0,"menu_order":0,"comment_status":"closed","ping_status":"closed","template":"","meta":{"om_disable_all_campaigns":false,"footnotes":""},"class_list":["post-10345","page","type-page","status-publish","hentry"],"yoast_head":"<!-- This site is optimized with the Yoast SEO plugin v27.3 - https:\/\/yoast.com\/product\/yoast-seo-wordpress\/ -->\n<title>Producci\u00f3n de aceites esenciales a partir de plantas frescas y secas | Hemplab<\/title>\n<meta name=\"description\" content=\"\u00bfBuscas un laboratorio que produzca aceites esenciales y desarrolle formulaciones? \u00a1Ven y descubre todo lo que Hemplab puede ofrecerte!\" \/>\n<meta name=\"robots\" content=\"index, follow, max-snippet:-1, max-image-preview:large, max-video-preview:-1\" \/>\n<link rel=\"canonical\" href=\"https:\/\/hemplab.ltd\/es\/produccion-de-aceites-esenciales-a-partir-de-plantas-frescas-y-secas\/\" \/>\n<meta property=\"og:locale\" content=\"es_ES\" \/>\n<meta property=\"og:type\" content=\"article\" \/>\n<meta property=\"og:title\" content=\"Producci\u00f3n de aceites esenciales a partir de plantas frescas y secas | Hemplab\" \/>\n<meta property=\"og:description\" content=\"\u00bfBuscas un laboratorio que produzca aceites esenciales y desarrolle formulaciones? \u00a1Ven y descubre todo lo que Hemplab puede ofrecerte!\" \/>\n<meta property=\"og:url\" content=\"https:\/\/hemplab.ltd\/es\/produccion-de-aceites-esenciales-a-partir-de-plantas-frescas-y-secas\/\" \/>\n<meta property=\"og:site_name\" content=\"Hemplab\" \/>\n<meta property=\"article:modified_time\" content=\"2023-01-18T13:39:09+00:00\" \/>\n<meta name=\"twitter:card\" content=\"summary_large_image\" \/>\n<meta name=\"twitter:label1\" content=\"Tiempo de lectura\" \/>\n\t<meta name=\"twitter:data1\" content=\"1 minuto\" \/>\n<!-- \/ Yoast SEO plugin. -->","yoast_head_json":{"title":"Producci\u00f3n de aceites esenciales a partir de plantas frescas y secas | Hemplab","description":"\u00bfBuscas un laboratorio que produzca aceites esenciales y desarrolle formulaciones? \u00a1Ven y descubre todo lo que Hemplab puede ofrecerte!","robots":{"index":"index","follow":"follow","max-snippet":"max-snippet:-1","max-image-preview":"max-image-preview:large","max-video-preview":"max-video-preview:-1"},"canonical":"https:\/\/hemplab.ltd\/es\/produccion-de-aceites-esenciales-a-partir-de-plantas-frescas-y-secas\/","og_locale":"es_ES","og_type":"article","og_title":"Producci\u00f3n de aceites esenciales a partir de plantas frescas y secas | Hemplab","og_description":"\u00bfBuscas un laboratorio que produzca aceites esenciales y desarrolle formulaciones? \u00a1Ven y descubre todo lo que Hemplab puede ofrecerte!","og_url":"https:\/\/hemplab.ltd\/es\/produccion-de-aceites-esenciales-a-partir-de-plantas-frescas-y-secas\/","og_site_name":"Hemplab","article_modified_time":"2023-01-18T13:39:09+00:00","twitter_card":"summary_large_image","twitter_misc":{"Tiempo de lectura":"1 minuto"},"schema":{"@context":"https:\/\/schema.org","@graph":[{"@type":"WebPage","@id":"https:\/\/hemplab.ltd\/es\/produccion-de-aceites-esenciales-a-partir-de-plantas-frescas-y-secas\/","url":"https:\/\/hemplab.ltd\/es\/produccion-de-aceites-esenciales-a-partir-de-plantas-frescas-y-secas\/","name":"Producci\u00f3n de aceites esenciales a partir de plantas frescas y secas | Hemplab","isPartOf":{"@id":"https:\/\/hemplab.ltd\/#website"},"datePublished":"2022-11-04T13:57:35+00:00","dateModified":"2023-01-18T13:39:09+00:00","description":"\u00bfBuscas un laboratorio que produzca aceites esenciales y desarrolle formulaciones? \u00a1Ven y descubre todo lo que Hemplab puede ofrecerte!","breadcrumb":{"@id":"https:\/\/hemplab.ltd\/es\/produccion-de-aceites-esenciales-a-partir-de-plantas-frescas-y-secas\/#breadcrumb"},"inLanguage":"es","potentialAction":[{"@type":"ReadAction","target":["https:\/\/hemplab.ltd\/es\/produccion-de-aceites-esenciales-a-partir-de-plantas-frescas-y-secas\/"]}]},{"@type":"BreadcrumbList","@id":"https:\/\/hemplab.ltd\/es\/produccion-de-aceites-esenciales-a-partir-de-plantas-frescas-y-secas\/#breadcrumb","itemListElement":[{"@type":"ListItem","position":1,"name":"P\u00e1gina de inicio","item":"https:\/\/hemplab.ltd\/"},{"@type":"ListItem","position":2,"name":"Producci\u00f3n de aceites esenciales a partir de plantas frescas y secas"}]},{"@type":"WebSite","@id":"https:\/\/hemplab.ltd\/#website","url":"https:\/\/hemplab.ltd\/","name":"Hemplab","description":"Eksperci biznesu konopnego kt\u00f3rym mo\u017cesz zaufa\u0107.","potentialAction":[{"@type":"SearchAction","target":{"@type":"EntryPoint","urlTemplate":"https:\/\/hemplab.ltd\/?s={search_term_string}"},"query-input":{"@type":"PropertyValueSpecification","valueRequired":true,"valueName":"search_term_string"}}],"inLanguage":"es"}]}},"_links":{"self":[{"href":"https:\/\/hemplab.ltd\/es\/wp-json\/wp\/v2\/pages\/10345","targetHints":{"allow":["GET"]}}],"collection":[{"href":"https:\/\/hemplab.ltd\/es\/wp-json\/wp\/v2\/pages"}],"about":[{"href":"https:\/\/hemplab.ltd\/es\/wp-json\/wp\/v2\/types\/page"}],"author":[{"embeddable":true,"href":"https:\/\/hemplab.ltd\/es\/wp-json\/wp\/v2\/users\/1"}],"replies":[{"embeddable":true,"href":"https:\/\/hemplab.ltd\/es\/wp-json\/wp\/v2\/comments?post=10345"}],"version-history":[{"count":1,"href":"https:\/\/hemplab.ltd\/es\/wp-json\/wp\/v2\/pages\/10345\/revisions"}],"predecessor-version":[{"id":10346,"href":"https:\/\/hemplab.ltd\/es\/wp-json\/wp\/v2\/pages\/10345\/revisions\/10346"}],"wp:attachment":[{"href":"https:\/\/hemplab.ltd\/es\/wp-json\/wp\/v2\/media?parent=10345"}],"curies":[{"name":"wp","href":"https:\/\/api.w.org\/{rel}","templated":true}]}}