{"id":10530,"date":"2023-03-28T08:35:30","date_gmt":"2023-03-28T06:35:30","guid":{"rendered":"https:\/\/hemplab.ltd\/proyectos\/"},"modified":"2023-04-04T08:54:43","modified_gmt":"2023-04-04T06:54:43","slug":"proyectos","status":"publish","type":"page","link":"https:\/\/hemplab.ltd\/es\/proyectos\/","title":{"rendered":"Proyectos"},"content":{"rendered":"\t\t<div data-elementor-type=\"wp-page\" data-elementor-id=\"10530\" class=\"elementor elementor-10530 elementor-10496\">\n\t\t\t\t\t\t<div class=\"elementor-section elementor-top-section elementor-element elementor-element-658efe6 elementor-section-boxed elementor-section-height-default elementor-section-height-default\" data-id=\"658efe6\" data-element_type=\"section\">\n\t\t\t\t\t\t<div class=\"elementor-container elementor-column-gap-default\">\n\t\t\t\t\t<div class=\"elementor-column elementor-col-100 elementor-top-column elementor-element elementor-element-0a11ba3\" data-id=\"0a11ba3\" data-element_type=\"column\">\n\t\t\t<div class=\"elementor-widget-wrap elementor-element-populated\">\n\t\t\t\t\t\t<div class=\"elementor-section elementor-inner-section elementor-element elementor-element-801afca elementor-section-boxed elementor-section-height-default elementor-section-height-default\" data-id=\"801afca\" data-element_type=\"section\">\n\t\t\t\t\t\t<div class=\"elementor-container elementor-column-gap-default\">\n\t\t\t\t\t<div class=\"elementor-column elementor-col-100 elementor-inner-column elementor-element elementor-element-a125918\" data-id=\"a125918\" data-element_type=\"column\">\n\t\t\t<div class=\"elementor-widget-wrap elementor-element-populated\">\n\t\t\t\t\t\t<div class=\"elementor-element elementor-element-58aa722 elementor-widget elementor-widget-heading\" data-id=\"58aa722\" data-element_type=\"widget\" data-widget_type=\"heading.default\">\n\t\t\t\t<div class=\"elementor-widget-container\">\n\t\t\t<style>\/*! elementor - v3.23.0 - 05-08-2024 *\/\n.elementor-heading-title{padding:0;margin:0;line-height:1}.elementor-widget-heading .elementor-heading-title[class*=elementor-size-]>a{color:inherit;font-size:inherit;line-height:inherit}.elementor-widget-heading .elementor-heading-title.elementor-size-small{font-size:15px}.elementor-widget-heading .elementor-heading-title.elementor-size-medium{font-size:19px}.elementor-widget-heading .elementor-heading-title.elementor-size-large{font-size:29px}.elementor-widget-heading .elementor-heading-title.elementor-size-xl{font-size:39px}.elementor-widget-heading .elementor-heading-title.elementor-size-xxl{font-size:59px}<\/style><h2 class=\"elementor-heading-title elementor-size-default\">Conceder<\/h2>\t\t<\/div>\n\t\t\t\t<\/div>\n\t\t\t\t<div class=\"elementor-element elementor-element-089db23 elementor-widget__width-initial elementor-widget elementor-widget-heading\" data-id=\"089db23\" data-element_type=\"widget\" data-widget_type=\"heading.default\">\n\t\t\t\t<div class=\"elementor-widget-container\">\n\t\t\t<h3 class=\"elementor-heading-title elementor-size-default\">T\u00edtulo del proyecto:<\/h3>\t\t<\/div>\n\t\t\t\t<\/div>\n\t\t\t\t<div class=\"elementor-element elementor-element-2467931 elementor-widget__width-initial elementor-widget elementor-widget-text-editor\" data-id=\"2467931\" data-element_type=\"widget\" data-widget_type=\"text-editor.default\">\n\t\t\t\t<div class=\"elementor-widget-container\">\n\t\t\t<style>\/*! elementor - v3.23.0 - 05-08-2024 *\/\n.elementor-widget-text-editor.elementor-drop-cap-view-stacked .elementor-drop-cap{background-color:#69727d;color:#fff}.elementor-widget-text-editor.elementor-drop-cap-view-framed .elementor-drop-cap{color:#69727d;border:3px solid;background-color:transparent}.elementor-widget-text-editor:not(.elementor-drop-cap-view-default) .elementor-drop-cap{margin-top:8px}.elementor-widget-text-editor:not(.elementor-drop-cap-view-default) .elementor-drop-cap-letter{width:1em;height:1em}.elementor-widget-text-editor .elementor-drop-cap{float:left;text-align:center;line-height:1;font-size:50px}.elementor-widget-text-editor .elementor-drop-cap-letter{display:inline-block}<\/style>\t\t\t\t<p>Expansi\u00f3n de HEMPLAB SP\u00d3\u0141KA Z OGRANICZON\u0104 ODPOWIEDZIALNO\u015aCI\u0104 a nuevos mercados exteriores, promocionando el producto en forma de suplementos diet\u00e9ticos y materias primas cosm\u00e9ticas a base de aceites vegetales y c\u00e1\u00f1amo.<\/p>\t\t\t\t\t\t<\/div>\n\t\t\t\t<\/div>\n\t\t\t\t<div class=\"elementor-element elementor-element-857cb7d elementor-widget__width-initial elementor-widget elementor-widget-heading\" data-id=\"857cb7d\" data-element_type=\"widget\" data-widget_type=\"heading.default\">\n\t\t\t\t<div class=\"elementor-widget-container\">\n\t\t\t<h3 class=\"elementor-heading-title elementor-size-default\">Objetivo y efecto previsto del proyecto:<\/h3>\t\t<\/div>\n\t\t\t\t<\/div>\n\t\t\t\t<div class=\"elementor-element elementor-element-01ee483 elementor-widget__width-initial elementor-widget elementor-widget-text-editor\" data-id=\"01ee483\" data-element_type=\"widget\" data-widget_type=\"text-editor.default\">\n\t\t\t\t<div class=\"elementor-widget-container\">\n\t\t\t\t\t\t\t<p><span lang=\"en-US\">La compa\u00f1\u00eda espera que como resultado de la internacionalizaci\u00f3n:<\/span><\/p>\t\t\t\t\t\t<\/div>\n\t\t\t\t<\/div>\n\t\t\t\t<div class=\"elementor-element elementor-element-37a2936 elementor-widget__width-initial elementor-widget elementor-widget-text-editor\" data-id=\"37a2936\" data-element_type=\"widget\" data-widget_type=\"text-editor.default\">\n\t\t\t\t<div class=\"elementor-widget-container\">\n\t\t\t\t\t\t\t<ol><li>Ganar\u00e1 nuevos mercados extranjeros: Gran Breta\u00f1a, Espa\u00f1a y EE. UU.<\/li><li>Aumentar\u00e1 los ingresos al aumentar las exportaciones en al menos un 20 % PLN para fines de 2025<\/li><li>Desarrollar\u00e1 su actividad gracias a la experiencia adquirida a trav\u00e9s de la cooperaci\u00f3n econ\u00f3mica internacional<\/li><li>Obtendr\u00e1 un aumento en los ingresos, lo que a su vez permitir\u00e1 nuevas inversiones, p. la compra de nueva maquinaria y equipos necesarios para aumentar la capacidad de producci\u00f3n<\/li><li>Establecer\u00e1 nuevos contactos internacionales, lo que permitir\u00e1 una mayor expansi\u00f3n en el extranjero a nuevos mercados.<\/li><\/ol>\t\t\t\t\t\t<\/div>\n\t\t\t\t<\/div>\n\t\t\t\t<div class=\"elementor-element elementor-element-6dde8b5 elementor-widget__width-initial elementor-widget elementor-widget-text-editor\" data-id=\"6dde8b5\" data-element_type=\"widget\" data-widget_type=\"text-editor.default\">\n\t\t\t\t<div class=\"elementor-widget-container\">\n\t\t\t\t\t\t\t<p>Efectos medibles del proyecto:<br \/>\u2013 N\u00famero de modelos de negocio de internacionalizaci\u00f3n preparados para su implementaci\u00f3n \u2013 1;<br \/>\u2013 N\u00famero de nuevos mercados (pa\u00edses) donde el solicitante est\u00e1 listo para comenzar a vender productos \u2013 3;<br \/>\u2013 N\u00famero de canales de distribuci\u00f3n organizados a implementar en los mercados objetivo \u2013 3.<\/p>\t\t\t\t\t\t<\/div>\n\t\t\t\t<\/div>\n\t\t\t\t<div class=\"elementor-element elementor-element-3fb3901 elementor-widget__width-initial elementor-widget elementor-widget-heading\" data-id=\"3fb3901\" data-element_type=\"widget\" data-widget_type=\"heading.default\">\n\t\t\t\t<div class=\"elementor-widget-container\">\n\t\t\t<h3 class=\"elementor-heading-title elementor-size-default\">Valor del proyecto:<\/h3>\t\t<\/div>\n\t\t\t\t<\/div>\n\t\t\t\t<div class=\"elementor-element elementor-element-89ae052 elementor-widget__width-initial elementor-widget elementor-widget-text-editor\" data-id=\"89ae052\" data-element_type=\"widget\" data-widget_type=\"text-editor.default\">\n\t\t\t\t<div class=\"elementor-widget-container\">\n\t\t\t\t\t\t\t<p>El valor total del proyecto es PLN 1.136.003,40 (digamos: un mill\u00f3n ciento treinta y seis mil tres zlotys 40\/100)<\/p>\t\t\t\t\t\t<\/div>\n\t\t\t\t<\/div>\n\t\t\t\t<div class=\"elementor-element elementor-element-75df76d elementor-widget__width-initial elementor-widget elementor-widget-heading\" data-id=\"75df76d\" data-element_type=\"widget\" data-widget_type=\"heading.default\">\n\t\t\t\t<div class=\"elementor-widget-container\">\n\t\t\t<h3 class=\"elementor-heading-title elementor-size-default\">Contribuci\u00f3n de Fondos Europeos:<\/h3>\t\t<\/div>\n\t\t\t\t<\/div>\n\t\t\t\t<div class=\"elementor-element elementor-element-7f9fa7e elementor-widget__width-initial elementor-widget elementor-widget-text-editor\" data-id=\"7f9fa7e\" data-element_type=\"widget\" data-widget_type=\"text-editor.default\">\n\t\t\t\t<div class=\"elementor-widget-container\">\n\t\t\t\t\t\t\t<p>Cofinanciaci\u00f3n del proyecto que constituye una ayuda de minimis &#8211; 699.981,28 PLN (en letras: trescientos ochenta y cuatro mil quinientos zlotys 00\/100)<\/p>\t\t\t\t\t\t<\/div>\n\t\t\t\t<\/div>\n\t\t\t\t<div class=\"elementor-element elementor-element-d01bd8a elementor-widget__width-initial elementor-widget elementor-widget-heading\" data-id=\"d01bd8a\" data-element_type=\"widget\" data-widget_type=\"heading.default\">\n\t\t\t\t<div class=\"elementor-widget-container\">\n\t\t\t<h3 class=\"elementor-heading-title elementor-size-default\">Plazo de finalizaci\u00f3n:<\/h3>\t\t<\/div>\n\t\t\t\t<\/div>\n\t\t\t\t<div class=\"elementor-element elementor-element-e221ce9 elementor-widget__width-initial elementor-widget elementor-widget-text-editor\" data-id=\"e221ce9\" data-element_type=\"widget\" data-widget_type=\"text-editor.default\">\n\t\t\t\t<div class=\"elementor-widget-container\">\n\t\t\t\t\t\t\t<p>15 de noviembre de 2021 \u2013 12 de mayo de 2023<\/p>\t\t\t\t\t\t<\/div>\n\t\t\t\t<\/div>\n\t\t\t\t<div class=\"elementor-element elementor-element-556b009 elementor-widget elementor-widget-image\" data-id=\"556b009\" data-element_type=\"widget\" data-widget_type=\"image.default\">\n\t\t\t\t<div class=\"elementor-widget-container\">\n\t\t\t<style>\/*! elementor - v3.23.0 - 05-08-2024 *\/\n.elementor-widget-image{text-align:center}.elementor-widget-image a{display:inline-block}.elementor-widget-image a img[src$=\".svg\"]{width:48px}.elementor-widget-image img{vertical-align:middle;display:inline-block}<\/style>\t\t\t\t\t\t\t\t\t\t<img fetchpriority=\"high\" decoding=\"async\" width=\"1024\" height=\"104\" src=\"https:\/\/hemplab.ltd\/wp-content\/uploads\/2020\/10\/flagi_ES.png\" class=\"attachment-large size-large wp-image-10532\" alt=\"\" \/>\t\t\t\t\t\t\t\t\t\t\t\t\t<\/div>\n\t\t\t\t<\/div>\n\t\t\t\t\t<\/div>\n\t\t<\/div>\n\t\t\t\t\t<\/div>\n\t\t<\/div>\n\t\t\t\t\t<\/div>\n\t\t<\/div>\n\t\t\t\t\t<\/div>\n\t\t<\/div>\n\t\t\t\t<\/div>\n\t\t","protected":false},"excerpt":{"rendered":"<p>Conceder T\u00edtulo del proyecto: Expansi\u00f3n de HEMPLAB SP\u00d3\u0141KA Z OGRANICZON\u0104 ODPOWIEDZIALNO\u015aCI\u0104 a nuevos mercados exteriores, promocionando el producto en forma de suplementos diet\u00e9ticos y materias primas cosm\u00e9ticas a base de aceites vegetales y c\u00e1\u00f1amo. Objetivo y efecto previsto del proyecto: La compa\u00f1\u00eda espera que como resultado de la internacionalizaci\u00f3n: Ganar\u00e1 nuevos mercados extranjeros: Gran Breta\u00f1a, Espa\u00f1a y EE. UU. Aumentar\u00e1\u2026<\/p>\n","protected":false},"author":1,"featured_media":0,"parent":0,"menu_order":0,"comment_status":"closed","ping_status":"closed","template":"","meta":{"om_disable_all_campaigns":false,"footnotes":""},"class_list":["post-10530","page","type-page","status-publish","hentry"],"yoast_head":"<!-- This site is optimized with the Yoast SEO plugin v27.3 - https:\/\/yoast.com\/product\/yoast-seo-wordpress\/ -->\n<title>Proyectos | Hemplab<\/title>\n<meta name=\"robots\" content=\"index, follow, max-snippet:-1, max-image-preview:large, max-video-preview:-1\" \/>\n<link rel=\"canonical\" href=\"https:\/\/hemplab.ltd\/dotacje\/\" \/>\n<meta property=\"og:locale\" content=\"es_ES\" \/>\n<meta property=\"og:type\" content=\"article\" \/>\n<meta property=\"og:title\" content=\"Proyectos | Hemplab\" \/>\n<meta property=\"og:description\" content=\"Conceder T\u00edtulo del proyecto: Expansi\u00f3n de HEMPLAB SP\u00d3\u0141KA Z OGRANICZON\u0104 ODPOWIEDZIALNO\u015aCI\u0104 a nuevos mercados exteriores, promocionando el producto en forma de suplementos diet\u00e9ticos y materias primas cosm\u00e9ticas a base de aceites vegetales y c\u00e1\u00f1amo. Objetivo y efecto previsto del proyecto: La compa\u00f1\u00eda espera que como resultado de la internacionalizaci\u00f3n: Ganar\u00e1 nuevos mercados extranjeros: Gran Breta\u00f1a, Espa\u00f1a y EE. UU. Aumentar\u00e1\u2026\" \/>\n<meta property=\"og:url\" content=\"https:\/\/hemplab.ltd\/dotacje\/\" \/>\n<meta property=\"og:site_name\" content=\"Hemplab\" \/>\n<meta property=\"article:modified_time\" content=\"2023-04-04T06:54:43+00:00\" \/>\n<meta property=\"og:image\" content=\"https:\/\/hemplab.ltd\/wp-content\/uploads\/2020\/10\/flagi_ES.png\" \/>\n<meta name=\"twitter:card\" content=\"summary_large_image\" \/>\n<meta name=\"twitter:label1\" content=\"Tiempo de lectura\" \/>\n\t<meta name=\"twitter:data1\" content=\"2 minutos\" \/>\n<!-- \/ Yoast SEO plugin. -->","yoast_head_json":{"title":"Proyectos | Hemplab","robots":{"index":"index","follow":"follow","max-snippet":"max-snippet:-1","max-image-preview":"max-image-preview:large","max-video-preview":"max-video-preview:-1"},"canonical":"https:\/\/hemplab.ltd\/dotacje\/","og_locale":"es_ES","og_type":"article","og_title":"Proyectos | Hemplab","og_description":"Conceder T\u00edtulo del proyecto: Expansi\u00f3n de HEMPLAB SP\u00d3\u0141KA Z OGRANICZON\u0104 ODPOWIEDZIALNO\u015aCI\u0104 a nuevos mercados exteriores, promocionando el producto en forma de suplementos diet\u00e9ticos y materias primas cosm\u00e9ticas a base de aceites vegetales y c\u00e1\u00f1amo. Objetivo y efecto previsto del proyecto: La compa\u00f1\u00eda espera que como resultado de la internacionalizaci\u00f3n: Ganar\u00e1 nuevos mercados extranjeros: Gran Breta\u00f1a, Espa\u00f1a y EE. UU. Aumentar\u00e1\u2026","og_url":"https:\/\/hemplab.ltd\/dotacje\/","og_site_name":"Hemplab","article_modified_time":"2023-04-04T06:54:43+00:00","og_image":[{"url":"https:\/\/hemplab.ltd\/wp-content\/uploads\/2020\/10\/flagi_ES.png","type":"","width":"","height":""}],"twitter_card":"summary_large_image","twitter_misc":{"Tiempo de lectura":"2 minutos"},"schema":{"@context":"https:\/\/schema.org","@graph":[{"@type":"WebPage","@id":"https:\/\/hemplab.ltd\/dotacje\/","url":"https:\/\/hemplab.ltd\/dotacje\/","name":"Proyectos | Hemplab","isPartOf":{"@id":"https:\/\/hemplab.ltd\/#website"},"primaryImageOfPage":{"@id":"https:\/\/hemplab.ltd\/dotacje\/#primaryimage"},"image":{"@id":"https:\/\/hemplab.ltd\/dotacje\/#primaryimage"},"thumbnailUrl":"https:\/\/hemplab.ltd\/wp-content\/uploads\/2020\/10\/flagi_ES.png","datePublished":"2023-03-28T06:35:30+00:00","dateModified":"2023-04-04T06:54:43+00:00","breadcrumb":{"@id":"https:\/\/hemplab.ltd\/dotacje\/#breadcrumb"},"inLanguage":"es","potentialAction":[{"@type":"ReadAction","target":["https:\/\/hemplab.ltd\/dotacje\/"]}]},{"@type":"ImageObject","inLanguage":"es","@id":"https:\/\/hemplab.ltd\/dotacje\/#primaryimage","url":"https:\/\/hemplab.ltd\/wp-content\/uploads\/2020\/10\/flagi_ES.png","contentUrl":"https:\/\/hemplab.ltd\/wp-content\/uploads\/2020\/10\/flagi_ES.png"},{"@type":"BreadcrumbList","@id":"https:\/\/hemplab.ltd\/dotacje\/#breadcrumb","itemListElement":[{"@type":"ListItem","position":1,"name":"P\u00e1gina de inicio","item":"https:\/\/hemplab.ltd\/"},{"@type":"ListItem","position":2,"name":"Proyectos"}]},{"@type":"WebSite","@id":"https:\/\/hemplab.ltd\/#website","url":"https:\/\/hemplab.ltd\/","name":"Hemplab","description":"Eksperci biznesu konopnego kt\u00f3rym mo\u017cesz zaufa\u0107.","potentialAction":[{"@type":"SearchAction","target":{"@type":"EntryPoint","urlTemplate":"https:\/\/hemplab.ltd\/?s={search_term_string}"},"query-input":{"@type":"PropertyValueSpecification","valueRequired":true,"valueName":"search_term_string"}}],"inLanguage":"es"}]}},"_links":{"self":[{"href":"https:\/\/hemplab.ltd\/es\/wp-json\/wp\/v2\/pages\/10530","targetHints":{"allow":["GET"]}}],"collection":[{"href":"https:\/\/hemplab.ltd\/es\/wp-json\/wp\/v2\/pages"}],"about":[{"href":"https:\/\/hemplab.ltd\/es\/wp-json\/wp\/v2\/types\/page"}],"author":[{"embeddable":true,"href":"https:\/\/hemplab.ltd\/es\/wp-json\/wp\/v2\/users\/1"}],"replies":[{"embeddable":true,"href":"https:\/\/hemplab.ltd\/es\/wp-json\/wp\/v2\/comments?post=10530"}],"version-history":[{"count":7,"href":"https:\/\/hemplab.ltd\/es\/wp-json\/wp\/v2\/pages\/10530\/revisions"}],"predecessor-version":[{"id":10709,"href":"https:\/\/hemplab.ltd\/es\/wp-json\/wp\/v2\/pages\/10530\/revisions\/10709"}],"wp:attachment":[{"href":"https:\/\/hemplab.ltd\/es\/wp-json\/wp\/v2\/media?parent=10530"}],"curies":[{"name":"wp","href":"https:\/\/api.w.org\/{rel}","templated":true}]}}